{"id":1594,"date":"2016-06-30T07:32:21","date_gmt":"2016-06-30T05:32:21","guid":{"rendered":"http:\/\/www.grimann.de\/?page_id=1594"},"modified":"2016-07-04T14:09:28","modified_gmt":"2016-07-04T12:09:28","slug":"dq","status":"publish","type":"page","link":"https:\/\/www.grimann.de\/pl\/dq\/","title":{"rendered":"dq"},"content":{"rendered":"<p class=\"qtranxs-available-languages-message qtranxs-available-languages-message-pl\">Przepraszamy, ten wpis jest dost\u0119pny tylko w j\u0119zyku <a href=\"https:\/\/www.grimann.de\/de\/wp-json\/wp\/v2\/pages\/1594\" class=\"qtranxs-available-language-link qtranxs-available-language-link-de\" title=\"Deutsch\">Deutsch<\/a>. For the sake of viewer convenience, the content is shown below in the alternative language. You may click the link to switch the active language.<\/p><p>Einer der F\u00fchrungsgedanken in meinen Werken: der Kampf ums \u00dcberleben bis morgen.<\/p>\n<p>Wie lang der Tag ist , wie kurz die Nacht sei \u2013 gek\u00e4mpft wir durchgehend. So oft jedoch sinnlos, dass sich durch meine Verwunderungsgrimassen Falten immer tiefer in meine Stirn graben.<\/p>\n<p>Was soll das ? Ich werde dieses Gef\u00fchl nicht los, dass die Geschichte des Idealisten Don Quijote aktueller ist denn je. Kann auch sein, dass sie immer aktuell war, auch vor der Zeit in der ich diese Gedanken produziere.<\/p>\n<p>Diese alten, unbedeutenden, auf der ganzen Welt verstreuten Windm\u00fchlen (k\u00f6nnen auch, je nach Bedarf Aldi L\u00e4den sein \u2013 waren immer doch nur ein Symbol) kommen einem wie feuerspeiende Drachen vor, wenn die Phantasie mit einem durchbrennt und sich im Innerem hochschaukelt. Dann wird die imaginere Gefahr immer realistischer und man muss, ob man will oder nicht, loslegen und k\u00e4mpfen. Dass man nichts zu bek\u00e4mpfen hat, wird nicht eindeutig. Dass man nichts gewinnt \u2013 zuerst auch nicht. Sinnlos in irgendeinem Namen (eigenen oder anderem) wird geschlachtet.<\/p>\n<p>Der arme Don Quijote wurde durch eine blinde Liebe getrieben und dadurch nicht wirklich gef\u00e4hrlich, ja sogar mir sympathisch in seinem Wahnsinn. Die K\u00e4mpfer von heute sind doch anders in der Wirkung. Die richten den Schaden um sich herum. Und mir wird klarer, dass sie immer weniger Hirn benutzen.<\/p>\n<p>Na aber ! Erst mal behaupte ich, dass wir alle ums \u00dcberleben bis morgen k\u00e4mpfen, dann schweife ich ins Radikale ab. So ist es im Leben eben\u2026 mal h\u00fc, mal hott, mal Hottentot.<\/p>\n<p>Und egal wer wir sind, wie, mit und gegen wen wir uns abackern, jemand ist immer in unserer N\u00e4he, hat uns im Visier, begleitet uns mehr oder weniger unauff\u00e4llig\u2026 unser <em>Sancho Panza \ud83d\ude42<br \/>\n<\/em><\/p>\n<h3 style=\"text-align: right;\"><strong><span style=\"color: #ff0000;\">atelier grimann<\/span><\/strong><\/h3>\n<p style=\"text-align: right;\">art@grimann.de<\/p>\n<p style=\"text-align: right;\">Mobil: 015773776196<\/p>\n<p><\/p>","protected":false},"excerpt":{"rendered":"<p>Przepraszamy, ten wpis jest dost\u0119pny tylko w j\u0119zyku Deutsch. For the sake of viewer convenience, the content is shown below in the alternative language. You may click the link to switch the active language.Einer der F\u00fchrungsgedanken in meinen Werken: der Kampf ums \u00dcberleben bis morgen. Wie lang der Tag ist , wie kurz die Nacht [&hellip;]<\/p>\n","protected":false},"author":1,"featured_media":0,"parent":0,"menu_order":0,"comment_status":"closed","ping_status":"closed","template":"page-fullwidth.php","meta":{"_exactmetrics_skip_tracking":false,"_exactmetrics_sitenote_active":false,"_exactmetrics_sitenote_note":"","_exactmetrics_sitenote_category":0,"ngg_post_thumbnail":0,"ocean_post_layout":"","ocean_both_sidebars_style":"","ocean_both_sidebars_content_width":0,"ocean_both_sidebars_sidebars_width":0,"ocean_sidebar":"","ocean_second_sidebar":"","ocean_disable_margins":"enable","ocean_add_body_class":"","ocean_shortcode_before_top_bar":"","ocean_shortcode_after_top_bar":"","ocean_shortcode_before_header":"","ocean_shortcode_after_header":"","ocean_has_shortcode":"","ocean_shortcode_after_title":"","ocean_shortcode_before_footer_widgets":"","ocean_shortcode_after_footer_widgets":"","ocean_shortcode_before_footer_bottom":"","ocean_shortcode_after_footer_bottom":"","ocean_display_top_bar":"default","ocean_display_header":"default","ocean_header_style":"","ocean_center_header_left_menu":"","ocean_custom_header_template":"","ocean_custom_logo":0,"ocean_custom_retina_logo":0,"ocean_custom_logo_max_width":0,"ocean_custom_logo_tablet_max_width":0,"ocean_custom_logo_mobile_max_width":0,"ocean_custom_logo_max_height":0,"ocean_custom_logo_tablet_max_height":0,"ocean_custom_logo_mobile_max_height":0,"ocean_header_custom_menu":"","ocean_menu_typo_font_family":"","ocean_menu_typo_font_subset":"","ocean_menu_typo_font_size":0,"ocean_menu_typo_font_size_tablet":0,"ocean_menu_typo_font_size_mobile":0,"ocean_menu_typo_font_size_unit":"px","ocean_menu_typo_font_weight":"","ocean_menu_typo_font_weight_tablet":"","ocean_menu_typo_font_weight_mobile":"","ocean_menu_typo_transform":"","ocean_menu_typo_transform_tablet":"","ocean_menu_typo_transform_mobile":"","ocean_menu_typo_line_height":0,"ocean_menu_typo_line_height_tablet":0,"ocean_menu_typo_line_height_mobile":0,"ocean_menu_typo_line_height_unit":"","ocean_menu_typo_spacing":0,"ocean_menu_typo_spacing_tablet":0,"ocean_menu_typo_spacing_mobile":0,"ocean_menu_typo_spacing_unit":"","ocean_menu_link_color":"","ocean_menu_link_color_hover":"","ocean_menu_link_color_active":"","ocean_menu_link_background":"","ocean_menu_link_hover_background":"","ocean_menu_link_active_background":"","ocean_menu_social_links_bg":"","ocean_menu_social_hover_links_bg":"","ocean_menu_social_links_color":"","ocean_menu_social_hover_links_color":"","ocean_disable_title":"default","ocean_disable_heading":"default","ocean_post_title":"","ocean_post_subheading":"","ocean_post_title_style":"","ocean_post_title_background_color":"","ocean_post_title_background":0,"ocean_post_title_bg_image_position":"","ocean_post_title_bg_image_attachment":"","ocean_post_title_bg_image_repeat":"","ocean_post_title_bg_image_size":"","ocean_post_title_height":0,"ocean_post_title_bg_overlay":0.5,"ocean_post_title_bg_overlay_color":"","ocean_disable_breadcrumbs":"default","ocean_breadcrumbs_color":"","ocean_breadcrumbs_separator_color":"","ocean_breadcrumbs_links_color":"","ocean_breadcrumbs_links_hover_color":"","ocean_display_footer_widgets":"default","ocean_display_footer_bottom":"default","ocean_custom_footer_template":"","footnotes":""},"class_list":["post-1594","page","type-page","status-publish","hentry","entry","owp-thumbs-layout-horizontal","owp-btn-normal","owp-tabs-layout-horizontal","has-no-thumbnails","has-product-nav"],"yoast_head":"<!-- This site is optimized with the Yoast SEO plugin v27.3 - https:\/\/yoast.com\/product\/yoast-seo-wordpress\/ -->\n<title>dq - my gallery<\/title>\n<meta name=\"robots\" content=\"index, follow, max-snippet:-1, max-image-preview:large, max-video-preview:-1\" \/>\n<link rel=\"canonical\" href=\"https:\/\/www.grimann.de\/dq\/\" \/>\n<meta property=\"og:locale\" content=\"pl_PL\" \/>\n<meta property=\"og:type\" content=\"article\" \/>\n<meta property=\"og:title\" content=\"dq - my gallery\" \/>\n<meta property=\"og:description\" content=\"Przepraszamy, ten wpis jest dost\u0119pny tylko w j\u0119zyku Deutsch. For the sake of viewer convenience, the content is shown below in the alternative language. You may click the link to switch the active language.Einer der F\u00fchrungsgedanken in meinen Werken: der Kampf ums \u00dcberleben bis morgen. Wie lang der Tag ist , wie kurz die Nacht [&hellip;]\" \/>\n<meta property=\"og:url\" content=\"https:\/\/www.grimann.de\/dq\/\" \/>\n<meta property=\"og:site_name\" content=\"my gallery\" \/>\n<meta property=\"article:publisher\" content=\"https:\/\/www.facebook.com\/adam.grimann\" \/>\n<meta property=\"article:modified_time\" content=\"2016-07-04T12:09:28+00:00\" \/>\n<meta name=\"twitter:card\" content=\"summary_large_image\" \/>\n<meta name=\"twitter:label1\" content=\"Szacowany czas czytania\" \/>\n\t<meta name=\"twitter:data1\" content=\"1 minuta\" \/>\n<script type=\"application\/ld+json\" class=\"yoast-schema-graph\">{\"@context\":\"https:\\\/\\\/schema.org\",\"@graph\":[{\"@type\":\"WebPage\",\"@id\":\"https:\\\/\\\/www.grimann.de\\\/dq\\\/\",\"url\":\"https:\\\/\\\/www.grimann.de\\\/dq\\\/\",\"name\":\"dq - my gallery\",\"isPartOf\":{\"@id\":\"https:\\\/\\\/www.grimann.de\\\/#website\"},\"datePublished\":\"2016-06-30T05:32:21+00:00\",\"dateModified\":\"2016-07-04T12:09:28+00:00\",\"breadcrumb\":{\"@id\":\"https:\\\/\\\/www.grimann.de\\\/dq\\\/#breadcrumb\"},\"inLanguage\":\"pl-PL\",\"potentialAction\":[{\"@type\":\"ReadAction\",\"target\":[\"https:\\\/\\\/www.grimann.de\\\/dq\\\/\"]}]},{\"@type\":\"BreadcrumbList\",\"@id\":\"https:\\\/\\\/www.grimann.de\\\/dq\\\/#breadcrumb\",\"itemListElement\":[{\"@type\":\"ListItem\",\"position\":1,\"name\":\"Home\",\"item\":\"https:\\\/\\\/www.grimann.de\\\/\"},{\"@type\":\"ListItem\",\"position\":2,\"name\":\"dq\"}]},{\"@type\":\"WebSite\",\"@id\":\"https:\\\/\\\/www.grimann.de\\\/#website\",\"url\":\"https:\\\/\\\/www.grimann.de\\\/\",\"name\":\"my gallery\",\"description\":\"adams art\",\"publisher\":{\"@id\":\"https:\\\/\\\/www.grimann.de\\\/#\\\/schema\\\/person\\\/b85eeb7bb21aee8cb16db5f471df2377\"},\"potentialAction\":[{\"@type\":\"SearchAction\",\"target\":{\"@type\":\"EntryPoint\",\"urlTemplate\":\"https:\\\/\\\/www.grimann.de\\\/?s={search_term_string}\"},\"query-input\":{\"@type\":\"PropertyValueSpecification\",\"valueRequired\":true,\"valueName\":\"search_term_string\"}}],\"inLanguage\":\"pl-PL\"},{\"@type\":[\"Person\",\"Organization\"],\"@id\":\"https:\\\/\\\/www.grimann.de\\\/#\\\/schema\\\/person\\\/b85eeb7bb21aee8cb16db5f471df2377\",\"name\":\"grimann\",\"image\":{\"@type\":\"ImageObject\",\"inLanguage\":\"pl-PL\",\"@id\":\"https:\\\/\\\/www.grimann.de\\\/wp-content\\\/uploads\\\/2022\\\/07\\\/signatur1-scaled.jpg\",\"url\":\"https:\\\/\\\/www.grimann.de\\\/wp-content\\\/uploads\\\/2022\\\/07\\\/signatur1-scaled.jpg\",\"contentUrl\":\"https:\\\/\\\/www.grimann.de\\\/wp-content\\\/uploads\\\/2022\\\/07\\\/signatur1-scaled.jpg\",\"width\":2560,\"height\":617,\"caption\":\"grimann\"},\"logo\":{\"@id\":\"https:\\\/\\\/www.grimann.de\\\/wp-content\\\/uploads\\\/2022\\\/07\\\/signatur1-scaled.jpg\"},\"sameAs\":[\"https:\\\/\\\/www.grimann.de\",\"https:\\\/\\\/www.facebook.com\\\/adam.grimann\",\"https:\\\/\\\/www.instagram.com\\\/atelier_grimann\\\/\",\"https:\\\/\\\/www.linkedin.com\\\/in\\\/adam-grimann-4684a661\\\/\"]}]}<\/script>\n<!-- \/ Yoast SEO plugin. -->","yoast_head_json":{"title":"dq - my gallery","robots":{"index":"index","follow":"follow","max-snippet":"max-snippet:-1","max-image-preview":"max-image-preview:large","max-video-preview":"max-video-preview:-1"},"canonical":"https:\/\/www.grimann.de\/dq\/","og_locale":"pl_PL","og_type":"article","og_title":"dq - my gallery","og_description":"Przepraszamy, ten wpis jest dost\u0119pny tylko w j\u0119zyku Deutsch. For the sake of viewer convenience, the content is shown below in the alternative language. You may click the link to switch the active language.Einer der F\u00fchrungsgedanken in meinen Werken: der Kampf ums \u00dcberleben bis morgen. Wie lang der Tag ist , wie kurz die Nacht [&hellip;]","og_url":"https:\/\/www.grimann.de\/dq\/","og_site_name":"my gallery","article_publisher":"https:\/\/www.facebook.com\/adam.grimann","article_modified_time":"2016-07-04T12:09:28+00:00","twitter_card":"summary_large_image","twitter_misc":{"Szacowany czas czytania":"1 minuta"},"schema":{"@context":"https:\/\/schema.org","@graph":[{"@type":"WebPage","@id":"https:\/\/www.grimann.de\/dq\/","url":"https:\/\/www.grimann.de\/dq\/","name":"dq - my gallery","isPartOf":{"@id":"https:\/\/www.grimann.de\/#website"},"datePublished":"2016-06-30T05:32:21+00:00","dateModified":"2016-07-04T12:09:28+00:00","breadcrumb":{"@id":"https:\/\/www.grimann.de\/dq\/#breadcrumb"},"inLanguage":"pl-PL","potentialAction":[{"@type":"ReadAction","target":["https:\/\/www.grimann.de\/dq\/"]}]},{"@type":"BreadcrumbList","@id":"https:\/\/www.grimann.de\/dq\/#breadcrumb","itemListElement":[{"@type":"ListItem","position":1,"name":"Home","item":"https:\/\/www.grimann.de\/"},{"@type":"ListItem","position":2,"name":"dq"}]},{"@type":"WebSite","@id":"https:\/\/www.grimann.de\/#website","url":"https:\/\/www.grimann.de\/","name":"my gallery","description":"adams art","publisher":{"@id":"https:\/\/www.grimann.de\/#\/schema\/person\/b85eeb7bb21aee8cb16db5f471df2377"},"potentialAction":[{"@type":"SearchAction","target":{"@type":"EntryPoint","urlTemplate":"https:\/\/www.grimann.de\/?s={search_term_string}"},"query-input":{"@type":"PropertyValueSpecification","valueRequired":true,"valueName":"search_term_string"}}],"inLanguage":"pl-PL"},{"@type":["Person","Organization"],"@id":"https:\/\/www.grimann.de\/#\/schema\/person\/b85eeb7bb21aee8cb16db5f471df2377","name":"grimann","image":{"@type":"ImageObject","inLanguage":"pl-PL","@id":"https:\/\/www.grimann.de\/wp-content\/uploads\/2022\/07\/signatur1-scaled.jpg","url":"https:\/\/www.grimann.de\/wp-content\/uploads\/2022\/07\/signatur1-scaled.jpg","contentUrl":"https:\/\/www.grimann.de\/wp-content\/uploads\/2022\/07\/signatur1-scaled.jpg","width":2560,"height":617,"caption":"grimann"},"logo":{"@id":"https:\/\/www.grimann.de\/wp-content\/uploads\/2022\/07\/signatur1-scaled.jpg"},"sameAs":["https:\/\/www.grimann.de","https:\/\/www.facebook.com\/adam.grimann","https:\/\/www.instagram.com\/atelier_grimann\/","https:\/\/www.linkedin.com\/in\/adam-grimann-4684a661\/"]}]}},"_links":{"self":[{"href":"https:\/\/www.grimann.de\/pl\/wp-json\/wp\/v2\/pages\/1594","targetHints":{"allow":["GET"]}}],"collection":[{"href":"https:\/\/www.grimann.de\/pl\/wp-json\/wp\/v2\/pages"}],"about":[{"href":"https:\/\/www.grimann.de\/pl\/wp-json\/wp\/v2\/types\/page"}],"author":[{"embeddable":true,"href":"https:\/\/www.grimann.de\/pl\/wp-json\/wp\/v2\/users\/1"}],"replies":[{"embeddable":true,"href":"https:\/\/www.grimann.de\/pl\/wp-json\/wp\/v2\/comments?post=1594"}],"version-history":[{"count":4,"href":"https:\/\/www.grimann.de\/pl\/wp-json\/wp\/v2\/pages\/1594\/revisions"}],"predecessor-version":[{"id":1599,"href":"https:\/\/www.grimann.de\/pl\/wp-json\/wp\/v2\/pages\/1594\/revisions\/1599"}],"wp:attachment":[{"href":"https:\/\/www.grimann.de\/pl\/wp-json\/wp\/v2\/media?parent=1594"}],"curies":[{"name":"wp","href":"https:\/\/api.w.org\/{rel}","templated":true}]}}