{"id":2426,"date":"2019-09-23T10:15:50","date_gmt":"2019-09-23T08:15:50","guid":{"rendered":"http:\/\/www.grimann.de\/?page_id=2426"},"modified":"2019-09-23T10:15:50","modified_gmt":"2019-09-23T08:15:50","slug":"veroeffentlichungen","status":"publish","type":"page","link":"https:\/\/www.grimann.de\/pl\/veroeffentlichungen\/","title":{"rendered":"Publikacje"},"content":{"rendered":"<p><\/p>\n<h4 class=\"pv-accomplishment-entity__title\">1. Nacht der Hunde &#8211; sangre y pan<\/h4>\n<p><span class=\"publisher\">Wydawnictwo: Wunderwaldverlag <\/span><\/p>\n<p><span class=\"year\"><span class=\"pv-accomplishment-entity__date\"><span class=\"visually-hidden\">Data wydania<\/span><\/span>: <span class=\"pv-accomplishment-entity__date\">8. Marzec 2011<\/span><span class=\"pv-accomplishment-entity__publisher\"><span class=\"visually-hidden\">\u00a0<\/span><\/span><\/span><\/p>\n<p>P\u0142yta CD z poezj\u0105.<\/p>\n<p><a href=\"https:\/\/www.franzis-litfass.biz\/b%C3%BCcher\/\" target=\"_blank\" rel=\"noopener noreferrer\">Zam\u00f3wienie<\/a> , <a href=\"https:\/\/www.youtube.com\/watch?v=j37ORXq-d3M\" target=\"_blank\" rel=\"noopener noreferrer\">trailer<\/a><\/p>\n<h4 class=\"pv-accomplishment-entity__title\">2.\u00a0 Haben Sie Komfortstatus?<\/h4>\n<p><span class=\"pv-accomplishment-entity__publisher\"><span class=\"publisher\">Wydawnictwo<\/span>: Wunderwaldverlag<\/span><\/p>\n<p class=\"pv-accomplishment-entity__subtitle\"><span class=\"pv-accomplishment-entity__date\"> <span class=\"visually-hidden\"><span class=\"year\">Data wydania:<\/span>\u00a0<\/span> 8. M\u00e4rz 2011<\/span><span class=\"pv-accomplishment-entity__publisher\"><span class=\"visually-hidden\">\u00a0<\/span><\/span><\/p>\n<p class=\"pv-accomplishment-entity__subtitle\"><span class=\"pv-accomplishment-entity__publisher\"> Poetryslam ksi\u0105\u017cka<br \/>\n<\/span><\/p>\n<p><a href=\"https:\/\/www.franzis-litfass.biz\/b%C3%BCcher\/\" target=\"_blank\" rel=\"noopener noreferrer\">Zam\u00f3wienie<\/a>, <a href=\"https:\/\/www.youtube.com\/watch?v=eOvYA3r-2Zs\" target=\"_blank\" rel=\"noopener noreferrer\">trailer<\/a><\/p>\n<h4 class=\"pv-accomplishment-entity__title\">3. bis ans ende der zeiten. amen \/ sie ist ne domina<\/h4>\n<p class=\"pv-accomplishment-entity__subtitle\"><span class=\"pv-accomplishment-entity__date\"> <span class=\"visually-hidden\"><span class=\"year\">Data wydania:<\/span>\u00a0<\/span> 6. Aug. 2013 <\/span><\/p>\n<p class=\"pv-accomplishment-entity__subtitle\"><span class=\"pv-accomplishment-entity__publisher\"><span class=\"publisher\">Wydawnictwo<\/span>: Chiliverlag <\/span><\/p>\n<p>Bogato ilustrowana ksi\u0105\u017cka z poezj\u0105<\/p>\n<p><a href=\"https:\/\/www.franzis-litfass.biz\/b%C3%BCcher\/\" target=\"_blank\" rel=\"noopener noreferrer\">Zam\u00f3wienie<\/a>, <a href=\"https:\/\/www.youtube.com\/watch?v=bVpOQTI1b8c\" target=\"_blank\" rel=\"noopener noreferrer\">trailer<\/a><\/p>\n<p>&nbsp;<\/p>","protected":false},"excerpt":{"rendered":"<p>1. Nacht der Hunde &#8211; sangre y pan Wydawnictwo: Wunderwaldverlag Data wydania: 8. Marzec 2011\u00a0 P\u0142yta CD z poezj\u0105. Zam\u00f3wienie , trailer 2.\u00a0 Haben Sie Komfortstatus? Wydawnictwo: Wunderwaldverlag Data wydania:\u00a0 8. M\u00e4rz 2011\u00a0 Poetryslam ksi\u0105\u017cka Zam\u00f3wienie, trailer 3. bis ans ende der zeiten. amen \/ sie ist ne domina Data wydania:\u00a0 6. Aug. 2013 Wydawnictwo: [&hellip;]<\/p>\n","protected":false},"author":1,"featured_media":0,"parent":0,"menu_order":0,"comment_status":"closed","ping_status":"closed","template":"","meta":{"_exactmetrics_skip_tracking":false,"_exactmetrics_sitenote_active":false,"_exactmetrics_sitenote_note":"","_exactmetrics_sitenote_category":0,"ngg_post_thumbnail":0,"ocean_post_layout":"","ocean_both_sidebars_style":"","ocean_both_sidebars_content_width":0,"ocean_both_sidebars_sidebars_width":0,"ocean_sidebar":"","ocean_second_sidebar":"","ocean_disable_margins":"enable","ocean_add_body_class":"","ocean_shortcode_before_top_bar":"","ocean_shortcode_after_top_bar":"","ocean_shortcode_before_header":"","ocean_shortcode_after_header":"","ocean_has_shortcode":"","ocean_shortcode_after_title":"","ocean_shortcode_before_footer_widgets":"","ocean_shortcode_after_footer_widgets":"","ocean_shortcode_before_footer_bottom":"","ocean_shortcode_after_footer_bottom":"","ocean_display_top_bar":"default","ocean_display_header":"default","ocean_header_style":"","ocean_center_header_left_menu":"","ocean_custom_header_template":"","ocean_custom_logo":0,"ocean_custom_retina_logo":0,"ocean_custom_logo_max_width":0,"ocean_custom_logo_tablet_max_width":0,"ocean_custom_logo_mobile_max_width":0,"ocean_custom_logo_max_height":0,"ocean_custom_logo_tablet_max_height":0,"ocean_custom_logo_mobile_max_height":0,"ocean_header_custom_menu":"","ocean_menu_typo_font_family":"","ocean_menu_typo_font_subset":"","ocean_menu_typo_font_size":0,"ocean_menu_typo_font_size_tablet":0,"ocean_menu_typo_font_size_mobile":0,"ocean_menu_typo_font_size_unit":"px","ocean_menu_typo_font_weight":"","ocean_menu_typo_font_weight_tablet":"","ocean_menu_typo_font_weight_mobile":"","ocean_menu_typo_transform":"","ocean_menu_typo_transform_tablet":"","ocean_menu_typo_transform_mobile":"","ocean_menu_typo_line_height":0,"ocean_menu_typo_line_height_tablet":0,"ocean_menu_typo_line_height_mobile":0,"ocean_menu_typo_line_height_unit":"","ocean_menu_typo_spacing":0,"ocean_menu_typo_spacing_tablet":0,"ocean_menu_typo_spacing_mobile":0,"ocean_menu_typo_spacing_unit":"","ocean_menu_link_color":"","ocean_menu_link_color_hover":"","ocean_menu_link_color_active":"","ocean_menu_link_background":"","ocean_menu_link_hover_background":"","ocean_menu_link_active_background":"","ocean_menu_social_links_bg":"","ocean_menu_social_hover_links_bg":"","ocean_menu_social_links_color":"","ocean_menu_social_hover_links_color":"","ocean_disable_title":"default","ocean_disable_heading":"default","ocean_post_title":"","ocean_post_subheading":"","ocean_post_title_style":"","ocean_post_title_background_color":"","ocean_post_title_background":0,"ocean_post_title_bg_image_position":"","ocean_post_title_bg_image_attachment":"","ocean_post_title_bg_image_repeat":"","ocean_post_title_bg_image_size":"","ocean_post_title_height":0,"ocean_post_title_bg_overlay":0.5,"ocean_post_title_bg_overlay_color":"","ocean_disable_breadcrumbs":"default","ocean_breadcrumbs_color":"","ocean_breadcrumbs_separator_color":"","ocean_breadcrumbs_links_color":"","ocean_breadcrumbs_links_hover_color":"","ocean_display_footer_widgets":"default","ocean_display_footer_bottom":"default","ocean_custom_footer_template":"","footnotes":""},"class_list":["post-2426","page","type-page","status-publish","hentry","entry","owp-thumbs-layout-horizontal","owp-btn-normal","owp-tabs-layout-horizontal","has-no-thumbnails","has-product-nav"],"yoast_head":"<!-- This site is optimized with the Yoast SEO plugin v27.4 - https:\/\/yoast.com\/product\/yoast-seo-wordpress\/ -->\n<title>Publikacje - my gallery<\/title>\n<meta name=\"robots\" content=\"index, follow, max-snippet:-1, max-image-preview:large, max-video-preview:-1\" \/>\n<link rel=\"canonical\" href=\"https:\/\/www.grimann.de\/veroeffentlichungen\/\" \/>\n<meta property=\"og:locale\" content=\"pl_PL\" \/>\n<meta property=\"og:type\" content=\"article\" \/>\n<meta property=\"og:title\" content=\"Publikacje - my gallery\" \/>\n<meta property=\"og:description\" content=\"1. Nacht der Hunde &#8211; sangre y pan Wydawnictwo: Wunderwaldverlag Data wydania: 8. Marzec 2011\u00a0 P\u0142yta CD z poezj\u0105. Zam\u00f3wienie , trailer 2.\u00a0 Haben Sie Komfortstatus? Wydawnictwo: Wunderwaldverlag Data wydania:\u00a0 8. M\u00e4rz 2011\u00a0 Poetryslam ksi\u0105\u017cka Zam\u00f3wienie, trailer 3. bis ans ende der zeiten. amen \/ sie ist ne domina Data wydania:\u00a0 6. Aug. 2013 Wydawnictwo: [&hellip;]\" \/>\n<meta property=\"og:url\" content=\"https:\/\/www.grimann.de\/veroeffentlichungen\/\" \/>\n<meta property=\"og:site_name\" content=\"my gallery\" \/>\n<meta property=\"article:publisher\" content=\"https:\/\/www.facebook.com\/adam.grimann\" \/>\n<meta name=\"twitter:card\" content=\"summary_large_image\" \/>\n<meta name=\"twitter:label1\" content=\"Szacowany czas czytania\" \/>\n\t<meta name=\"twitter:data1\" content=\"3 minuty\" \/>\n<script type=\"application\/ld+json\" class=\"yoast-schema-graph\">{\"@context\":\"https:\\\/\\\/schema.org\",\"@graph\":[{\"@type\":\"WebPage\",\"@id\":\"https:\\\/\\\/www.grimann.de\\\/veroeffentlichungen\\\/\",\"url\":\"https:\\\/\\\/www.grimann.de\\\/veroeffentlichungen\\\/\",\"name\":\"Publikacje - my gallery\",\"isPartOf\":{\"@id\":\"https:\\\/\\\/www.grimann.de\\\/#website\"},\"datePublished\":\"2019-09-23T08:15:50+00:00\",\"breadcrumb\":{\"@id\":\"https:\\\/\\\/www.grimann.de\\\/veroeffentlichungen\\\/#breadcrumb\"},\"inLanguage\":\"pl-PL\",\"potentialAction\":[{\"@type\":\"ReadAction\",\"target\":[\"https:\\\/\\\/www.grimann.de\\\/veroeffentlichungen\\\/\"]}]},{\"@type\":\"BreadcrumbList\",\"@id\":\"https:\\\/\\\/www.grimann.de\\\/veroeffentlichungen\\\/#breadcrumb\",\"itemListElement\":[{\"@type\":\"ListItem\",\"position\":1,\"name\":\"Home\",\"item\":\"https:\\\/\\\/www.grimann.de\\\/\"},{\"@type\":\"ListItem\",\"position\":2,\"name\":\"Ver\u00f6ffentlichungen\"}]},{\"@type\":\"WebSite\",\"@id\":\"https:\\\/\\\/www.grimann.de\\\/#website\",\"url\":\"https:\\\/\\\/www.grimann.de\\\/\",\"name\":\"my gallery\",\"description\":\"adams art\",\"publisher\":{\"@id\":\"https:\\\/\\\/www.grimann.de\\\/#\\\/schema\\\/person\\\/b85eeb7bb21aee8cb16db5f471df2377\"},\"potentialAction\":[{\"@type\":\"SearchAction\",\"target\":{\"@type\":\"EntryPoint\",\"urlTemplate\":\"https:\\\/\\\/www.grimann.de\\\/?s={search_term_string}\"},\"query-input\":{\"@type\":\"PropertyValueSpecification\",\"valueRequired\":true,\"valueName\":\"search_term_string\"}}],\"inLanguage\":\"pl-PL\"},{\"@type\":[\"Person\",\"Organization\"],\"@id\":\"https:\\\/\\\/www.grimann.de\\\/#\\\/schema\\\/person\\\/b85eeb7bb21aee8cb16db5f471df2377\",\"name\":\"grimann\",\"image\":{\"@type\":\"ImageObject\",\"inLanguage\":\"pl-PL\",\"@id\":\"https:\\\/\\\/www.grimann.de\\\/wp-content\\\/uploads\\\/2022\\\/07\\\/signatur1-scaled.jpg\",\"url\":\"https:\\\/\\\/www.grimann.de\\\/wp-content\\\/uploads\\\/2022\\\/07\\\/signatur1-scaled.jpg\",\"contentUrl\":\"https:\\\/\\\/www.grimann.de\\\/wp-content\\\/uploads\\\/2022\\\/07\\\/signatur1-scaled.jpg\",\"width\":2560,\"height\":617,\"caption\":\"grimann\"},\"logo\":{\"@id\":\"https:\\\/\\\/www.grimann.de\\\/wp-content\\\/uploads\\\/2022\\\/07\\\/signatur1-scaled.jpg\"},\"sameAs\":[\"https:\\\/\\\/www.grimann.de\",\"https:\\\/\\\/www.facebook.com\\\/adam.grimann\",\"https:\\\/\\\/www.instagram.com\\\/atelier_grimann\\\/\",\"https:\\\/\\\/www.linkedin.com\\\/in\\\/adam-grimann-4684a661\\\/\"]}]}<\/script>\n<!-- \/ Yoast SEO plugin. -->","yoast_head_json":{"title":"Publikacje - my gallery","robots":{"index":"index","follow":"follow","max-snippet":"max-snippet:-1","max-image-preview":"max-image-preview:large","max-video-preview":"max-video-preview:-1"},"canonical":"https:\/\/www.grimann.de\/veroeffentlichungen\/","og_locale":"pl_PL","og_type":"article","og_title":"Publikacje - my gallery","og_description":"1. Nacht der Hunde &#8211; sangre y pan Wydawnictwo: Wunderwaldverlag Data wydania: 8. Marzec 2011\u00a0 P\u0142yta CD z poezj\u0105. Zam\u00f3wienie , trailer 2.\u00a0 Haben Sie Komfortstatus? Wydawnictwo: Wunderwaldverlag Data wydania:\u00a0 8. M\u00e4rz 2011\u00a0 Poetryslam ksi\u0105\u017cka Zam\u00f3wienie, trailer 3. bis ans ende der zeiten. amen \/ sie ist ne domina Data wydania:\u00a0 6. Aug. 2013 Wydawnictwo: [&hellip;]","og_url":"https:\/\/www.grimann.de\/veroeffentlichungen\/","og_site_name":"my gallery","article_publisher":"https:\/\/www.facebook.com\/adam.grimann","twitter_card":"summary_large_image","twitter_misc":{"Szacowany czas czytania":"3 minuty"},"schema":{"@context":"https:\/\/schema.org","@graph":[{"@type":"WebPage","@id":"https:\/\/www.grimann.de\/veroeffentlichungen\/","url":"https:\/\/www.grimann.de\/veroeffentlichungen\/","name":"Publikacje - my gallery","isPartOf":{"@id":"https:\/\/www.grimann.de\/#website"},"datePublished":"2019-09-23T08:15:50+00:00","breadcrumb":{"@id":"https:\/\/www.grimann.de\/veroeffentlichungen\/#breadcrumb"},"inLanguage":"pl-PL","potentialAction":[{"@type":"ReadAction","target":["https:\/\/www.grimann.de\/veroeffentlichungen\/"]}]},{"@type":"BreadcrumbList","@id":"https:\/\/www.grimann.de\/veroeffentlichungen\/#breadcrumb","itemListElement":[{"@type":"ListItem","position":1,"name":"Home","item":"https:\/\/www.grimann.de\/"},{"@type":"ListItem","position":2,"name":"Ver\u00f6ffentlichungen"}]},{"@type":"WebSite","@id":"https:\/\/www.grimann.de\/#website","url":"https:\/\/www.grimann.de\/","name":"my gallery","description":"adams art","publisher":{"@id":"https:\/\/www.grimann.de\/#\/schema\/person\/b85eeb7bb21aee8cb16db5f471df2377"},"potentialAction":[{"@type":"SearchAction","target":{"@type":"EntryPoint","urlTemplate":"https:\/\/www.grimann.de\/?s={search_term_string}"},"query-input":{"@type":"PropertyValueSpecification","valueRequired":true,"valueName":"search_term_string"}}],"inLanguage":"pl-PL"},{"@type":["Person","Organization"],"@id":"https:\/\/www.grimann.de\/#\/schema\/person\/b85eeb7bb21aee8cb16db5f471df2377","name":"grimann","image":{"@type":"ImageObject","inLanguage":"pl-PL","@id":"https:\/\/www.grimann.de\/wp-content\/uploads\/2022\/07\/signatur1-scaled.jpg","url":"https:\/\/www.grimann.de\/wp-content\/uploads\/2022\/07\/signatur1-scaled.jpg","contentUrl":"https:\/\/www.grimann.de\/wp-content\/uploads\/2022\/07\/signatur1-scaled.jpg","width":2560,"height":617,"caption":"grimann"},"logo":{"@id":"https:\/\/www.grimann.de\/wp-content\/uploads\/2022\/07\/signatur1-scaled.jpg"},"sameAs":["https:\/\/www.grimann.de","https:\/\/www.facebook.com\/adam.grimann","https:\/\/www.instagram.com\/atelier_grimann\/","https:\/\/www.linkedin.com\/in\/adam-grimann-4684a661\/"]}]}},"_links":{"self":[{"href":"https:\/\/www.grimann.de\/pl\/wp-json\/wp\/v2\/pages\/2426","targetHints":{"allow":["GET"]}}],"collection":[{"href":"https:\/\/www.grimann.de\/pl\/wp-json\/wp\/v2\/pages"}],"about":[{"href":"https:\/\/www.grimann.de\/pl\/wp-json\/wp\/v2\/types\/page"}],"author":[{"embeddable":true,"href":"https:\/\/www.grimann.de\/pl\/wp-json\/wp\/v2\/users\/1"}],"replies":[{"embeddable":true,"href":"https:\/\/www.grimann.de\/pl\/wp-json\/wp\/v2\/comments?post=2426"}],"version-history":[{"count":2,"href":"https:\/\/www.grimann.de\/pl\/wp-json\/wp\/v2\/pages\/2426\/revisions"}],"predecessor-version":[{"id":2428,"href":"https:\/\/www.grimann.de\/pl\/wp-json\/wp\/v2\/pages\/2426\/revisions\/2428"}],"wp:attachment":[{"href":"https:\/\/www.grimann.de\/pl\/wp-json\/wp\/v2\/media?parent=2426"}],"curies":[{"name":"wp","href":"https:\/\/api.w.org\/{rel}","templated":true}]}}