{"id":474,"date":"2013-07-08T22:41:06","date_gmt":"2013-07-08T20:41:06","guid":{"rendered":"http:\/\/redesign.grimann.de\/?page_id=474"},"modified":"2019-08-20T14:59:20","modified_gmt":"2019-08-20T12:59:20","slug":"buchbestellung","status":"publish","type":"page","link":"https:\/\/www.grimann.de\/pl\/buchbestellung\/","title":{"rendered":"ksi\u0105\u017ceczka (j\u0119z. niemiecki)"},"content":{"rendered":"<p>Tutaj maj\u0105 pa\u0144stwo mo\u017cliwo\u015b\u0107 zakupu broszury z 30-toma reprodukcjami moich prac i\u00a0 z wybranymi tekstami w j\u0119zyku niemieckim.<\/p>\n<p>Par\u0119 dodatkowych tekst\u00f3w jest ekskluzywnie tylko dla w\u0142a\u015bcicieli ksi\u0105\u017cki przez QR kod w internecie czytelnych.<\/p>\n<p>Cena: <span style=\"color: #ff0000;\">tylko 3,50\u20ac<\/span> + 3,50 przesy\u0142ka(Polska) = 7\u20ac , Format: 21 x 21 cm, 24 Strony, kolor.<\/p>\n<p>___________________________________<\/p>\n<p>By zam\u00f3wi\u0107 prosz\u0119 o meila:<span style=\"color: #ff0000;\">\u00a0 <\/span><a href=\"mailto:a@grimann.de\">Zam\u00f3wienie<\/a><\/p>\n<p>lub prosz\u0119 u\u017cy\u0107 poni\u017cszy formularz:<\/p>\n<p><p class=\"wpcf7-contact-form-not-found\"><strong>B\u0142\u0105d:<\/strong> Brak formularza kontaktowego.<\/p><br \/>\n<script>\/\/ < ![CDATA[\n\/\/ < ![CDATA[ (function(i,s,o,g,r,a,m){i['GoogleAnalyticsObject']=r;i[r]=i[r]||function(){ (i[r].q=i[r].q||[]).push(arguments)},i[r].l=1*new Date();a=s.createElement(o), m=s.getElementsByTagName(o)[0];a.async=1;a.src=g;m.parentNode.insertBefore(a,m) })(window,document,'script','\/\/www.google-analytics.com\/analytics.js','ga'); ga('create', 'UA-42558105-1', 'grimann.de'); ga('send', 'pageview'); \/\/ ]]><\/script><\/p>\n<p><a href=\"http:\/\/www.grimann.de\/buchbestellung\/20161104_070548\/\" rel=\"attachment wp-att-1723\"><img loading=\"lazy\" decoding=\"async\" class=\"alignleft size-large wp-image-1723\" src=\"http:\/\/www.grimann.de\/wp-content\/uploads\/2013\/07\/20161104_070548-614x345.jpg\" alt=\"20161104_070548\" width=\"520\" height=\"292\" srcset=\"https:\/\/www.grimann.de\/wp-content\/uploads\/2013\/07\/20161104_070548-614x345.jpg 614w, https:\/\/www.grimann.de\/wp-content\/uploads\/2013\/07\/20161104_070548-150x84.jpg 150w, https:\/\/www.grimann.de\/wp-content\/uploads\/2013\/07\/20161104_070548-300x169.jpg 300w, https:\/\/www.grimann.de\/wp-content\/uploads\/2013\/07\/20161104_070548-768x432.jpg 768w\" sizes=\"auto, (max-width: 520px) 100vw, 520px\" \/><\/a> <a href=\"http:\/\/www.grimann.de\/buchbestellung\/20161104_070609\/\" rel=\"attachment wp-att-1724\"><img loading=\"lazy\" decoding=\"async\" class=\"alignleft size-large wp-image-1724\" src=\"http:\/\/www.grimann.de\/wp-content\/uploads\/2013\/07\/20161104_070609-614x345.jpg\" alt=\"20161104_070609\" width=\"520\" height=\"292\" srcset=\"https:\/\/www.grimann.de\/wp-content\/uploads\/2013\/07\/20161104_070609-614x345.jpg 614w, https:\/\/www.grimann.de\/wp-content\/uploads\/2013\/07\/20161104_070609-300x169.jpg 300w, https:\/\/www.grimann.de\/wp-content\/uploads\/2013\/07\/20161104_070609-150x84.jpg 150w, https:\/\/www.grimann.de\/wp-content\/uploads\/2013\/07\/20161104_070609-768x432.jpg 768w, https:\/\/www.grimann.de\/wp-content\/uploads\/2013\/07\/20161104_070609.jpg 1280w\" sizes=\"auto, (max-width: 520px) 100vw, 520px\" \/><\/a><\/p>","protected":false},"excerpt":{"rendered":"<p>Tutaj maj\u0105 pa\u0144stwo mo\u017cliwo\u015b\u0107 zakupu broszury z 30-toma reprodukcjami moich prac i\u00a0 z wybranymi tekstami w j\u0119zyku niemieckim. Par\u0119 dodatkowych tekst\u00f3w jest ekskluzywnie tylko dla w\u0142a\u015bcicieli ksi\u0105\u017cki przez QR kod w internecie czytelnych. Cena: tylko 3,50\u20ac + 3,50 przesy\u0142ka(Polska) = 7\u20ac , Format: 21 x 21 cm, 24 Strony, kolor. ___________________________________ By zam\u00f3wi\u0107 prosz\u0119 o [&hellip;]<\/p>\n","protected":false},"author":1,"featured_media":0,"parent":0,"menu_order":0,"comment_status":"open","ping_status":"closed","template":"","meta":{"_exactmetrics_skip_tracking":false,"_exactmetrics_sitenote_active":false,"_exactmetrics_sitenote_note":"","_exactmetrics_sitenote_category":0,"ngg_post_thumbnail":0,"ocean_post_layout":"","ocean_both_sidebars_style":"","ocean_both_sidebars_content_width":0,"ocean_both_sidebars_sidebars_width":0,"ocean_sidebar":"","ocean_second_sidebar":"","ocean_disable_margins":"enable","ocean_add_body_class":"","ocean_shortcode_before_top_bar":"","ocean_shortcode_after_top_bar":"","ocean_shortcode_before_header":"","ocean_shortcode_after_header":"","ocean_has_shortcode":"","ocean_shortcode_after_title":"","ocean_shortcode_before_footer_widgets":"","ocean_shortcode_after_footer_widgets":"","ocean_shortcode_before_footer_bottom":"","ocean_shortcode_after_footer_bottom":"","ocean_display_top_bar":"default","ocean_display_header":"default","ocean_header_style":"","ocean_center_header_left_menu":"","ocean_custom_header_template":"","ocean_custom_logo":0,"ocean_custom_retina_logo":0,"ocean_custom_logo_max_width":0,"ocean_custom_logo_tablet_max_width":0,"ocean_custom_logo_mobile_max_width":0,"ocean_custom_logo_max_height":0,"ocean_custom_logo_tablet_max_height":0,"ocean_custom_logo_mobile_max_height":0,"ocean_header_custom_menu":"","ocean_menu_typo_font_family":"","ocean_menu_typo_font_subset":"","ocean_menu_typo_font_size":0,"ocean_menu_typo_font_size_tablet":0,"ocean_menu_typo_font_size_mobile":0,"ocean_menu_typo_font_size_unit":"px","ocean_menu_typo_font_weight":"","ocean_menu_typo_font_weight_tablet":"","ocean_menu_typo_font_weight_mobile":"","ocean_menu_typo_transform":"","ocean_menu_typo_transform_tablet":"","ocean_menu_typo_transform_mobile":"","ocean_menu_typo_line_height":0,"ocean_menu_typo_line_height_tablet":0,"ocean_menu_typo_line_height_mobile":0,"ocean_menu_typo_line_height_unit":"","ocean_menu_typo_spacing":0,"ocean_menu_typo_spacing_tablet":0,"ocean_menu_typo_spacing_mobile":0,"ocean_menu_typo_spacing_unit":"","ocean_menu_link_color":"","ocean_menu_link_color_hover":"","ocean_menu_link_color_active":"","ocean_menu_link_background":"","ocean_menu_link_hover_background":"","ocean_menu_link_active_background":"","ocean_menu_social_links_bg":"","ocean_menu_social_hover_links_bg":"","ocean_menu_social_links_color":"","ocean_menu_social_hover_links_color":"","ocean_disable_title":"default","ocean_disable_heading":"default","ocean_post_title":"","ocean_post_subheading":"","ocean_post_title_style":"","ocean_post_title_background_color":"","ocean_post_title_background":0,"ocean_post_title_bg_image_position":"","ocean_post_title_bg_image_attachment":"","ocean_post_title_bg_image_repeat":"","ocean_post_title_bg_image_size":"","ocean_post_title_height":0,"ocean_post_title_bg_overlay":0.5,"ocean_post_title_bg_overlay_color":"","ocean_disable_breadcrumbs":"default","ocean_breadcrumbs_color":"","ocean_breadcrumbs_separator_color":"","ocean_breadcrumbs_links_color":"","ocean_breadcrumbs_links_hover_color":"","ocean_display_footer_widgets":"default","ocean_display_footer_bottom":"default","ocean_custom_footer_template":"","footnotes":""},"class_list":["post-474","page","type-page","status-publish","hentry","entry","owp-thumbs-layout-horizontal","owp-btn-normal","owp-tabs-layout-horizontal","has-no-thumbnails","has-product-nav"],"yoast_head":"<!-- This site is optimized with the Yoast SEO plugin v27.4 - https:\/\/yoast.com\/product\/yoast-seo-wordpress\/ -->\n<title>ksi\u0105\u017ceczka (j\u0119z. niemiecki) - my gallery<\/title>\n<meta name=\"robots\" content=\"index, follow, max-snippet:-1, max-image-preview:large, max-video-preview:-1\" \/>\n<link rel=\"canonical\" href=\"https:\/\/www.grimann.de\/zh\/deutsch-buchbestellung\/\" \/>\n<meta property=\"og:locale\" content=\"pl_PL\" \/>\n<meta property=\"og:type\" content=\"article\" \/>\n<meta property=\"og:title\" content=\"ksi\u0105\u017ceczka (j\u0119z. niemiecki) - my gallery\" \/>\n<meta property=\"og:description\" content=\"Tutaj maj\u0105 pa\u0144stwo mo\u017cliwo\u015b\u0107 zakupu broszury z 30-toma reprodukcjami moich prac i\u00a0 z wybranymi tekstami w j\u0119zyku niemieckim. Par\u0119 dodatkowych tekst\u00f3w jest ekskluzywnie tylko dla w\u0142a\u015bcicieli ksi\u0105\u017cki przez QR kod w internecie czytelnych. Cena: tylko 3,50\u20ac + 3,50 przesy\u0142ka(Polska) = 7\u20ac , Format: 21 x 21 cm, 24 Strony, kolor. ___________________________________ By zam\u00f3wi\u0107 prosz\u0119 o [&hellip;]\" \/>\n<meta property=\"og:url\" content=\"https:\/\/www.grimann.de\/zh\/deutsch-buchbestellung\/\" \/>\n<meta property=\"og:site_name\" content=\"my gallery\" \/>\n<meta property=\"article:publisher\" content=\"https:\/\/www.facebook.com\/adam.grimann\" \/>\n<meta property=\"article:modified_time\" content=\"2019-08-20T12:59:20+00:00\" \/>\n<meta property=\"og:image\" content=\"http:\/\/www.grimann.de\/wp-content\/uploads\/2013\/07\/20161104_070548-614x345.jpg\" \/>\n<meta name=\"twitter:card\" content=\"summary_large_image\" \/>\n<meta name=\"twitter:label1\" content=\"Szacowany czas czytania\" \/>\n\t<meta name=\"twitter:data1\" content=\"1 minuta\" \/>\n<script type=\"application\/ld+json\" class=\"yoast-schema-graph\">{\"@context\":\"https:\\\/\\\/schema.org\",\"@graph\":[{\"@type\":\"WebPage\",\"@id\":\"https:\\\/\\\/www.grimann.de\\\/zh\\\/deutsch-buchbestellung\\\/\",\"url\":\"https:\\\/\\\/www.grimann.de\\\/zh\\\/deutsch-buchbestellung\\\/\",\"name\":\"ksi\u0105\u017ceczka (j\u0119z. niemiecki) - my gallery\",\"isPartOf\":{\"@id\":\"https:\\\/\\\/www.grimann.de\\\/#website\"},\"primaryImageOfPage\":{\"@id\":\"https:\\\/\\\/www.grimann.de\\\/zh\\\/deutsch-buchbestellung\\\/#primaryimage\"},\"image\":{\"@id\":\"https:\\\/\\\/www.grimann.de\\\/zh\\\/deutsch-buchbestellung\\\/#primaryimage\"},\"thumbnailUrl\":\"http:\\\/\\\/www.grimann.de\\\/wp-content\\\/uploads\\\/2013\\\/07\\\/20161104_070548-614x345.jpg\",\"datePublished\":\"2013-07-08T20:41:06+00:00\",\"dateModified\":\"2019-08-20T12:59:20+00:00\",\"breadcrumb\":{\"@id\":\"https:\\\/\\\/www.grimann.de\\\/zh\\\/deutsch-buchbestellung\\\/#breadcrumb\"},\"inLanguage\":\"pl-PL\",\"potentialAction\":[{\"@type\":\"ReadAction\",\"target\":[\"https:\\\/\\\/www.grimann.de\\\/zh\\\/deutsch-buchbestellung\\\/\"]}]},{\"@type\":\"ImageObject\",\"inLanguage\":\"pl-PL\",\"@id\":\"https:\\\/\\\/www.grimann.de\\\/zh\\\/deutsch-buchbestellung\\\/#primaryimage\",\"url\":\"http:\\\/\\\/www.grimann.de\\\/wp-content\\\/uploads\\\/2013\\\/07\\\/20161104_070548-614x345.jpg\",\"contentUrl\":\"http:\\\/\\\/www.grimann.de\\\/wp-content\\\/uploads\\\/2013\\\/07\\\/20161104_070548-614x345.jpg\"},{\"@type\":\"BreadcrumbList\",\"@id\":\"https:\\\/\\\/www.grimann.de\\\/zh\\\/deutsch-buchbestellung\\\/#breadcrumb\",\"itemListElement\":[{\"@type\":\"ListItem\",\"position\":1,\"name\":\"Home\",\"item\":\"https:\\\/\\\/www.grimann.de\\\/\"},{\"@type\":\"ListItem\",\"position\":2,\"name\":\"(Deutsch) buchbestellung\"}]},{\"@type\":\"WebSite\",\"@id\":\"https:\\\/\\\/www.grimann.de\\\/#website\",\"url\":\"https:\\\/\\\/www.grimann.de\\\/\",\"name\":\"my gallery\",\"description\":\"adams art\",\"publisher\":{\"@id\":\"https:\\\/\\\/www.grimann.de\\\/#\\\/schema\\\/person\\\/b85eeb7bb21aee8cb16db5f471df2377\"},\"potentialAction\":[{\"@type\":\"SearchAction\",\"target\":{\"@type\":\"EntryPoint\",\"urlTemplate\":\"https:\\\/\\\/www.grimann.de\\\/?s={search_term_string}\"},\"query-input\":{\"@type\":\"PropertyValueSpecification\",\"valueRequired\":true,\"valueName\":\"search_term_string\"}}],\"inLanguage\":\"pl-PL\"},{\"@type\":[\"Person\",\"Organization\"],\"@id\":\"https:\\\/\\\/www.grimann.de\\\/#\\\/schema\\\/person\\\/b85eeb7bb21aee8cb16db5f471df2377\",\"name\":\"grimann\",\"image\":{\"@type\":\"ImageObject\",\"inLanguage\":\"pl-PL\",\"@id\":\"https:\\\/\\\/www.grimann.de\\\/wp-content\\\/uploads\\\/2022\\\/07\\\/signatur1-scaled.jpg\",\"url\":\"https:\\\/\\\/www.grimann.de\\\/wp-content\\\/uploads\\\/2022\\\/07\\\/signatur1-scaled.jpg\",\"contentUrl\":\"https:\\\/\\\/www.grimann.de\\\/wp-content\\\/uploads\\\/2022\\\/07\\\/signatur1-scaled.jpg\",\"width\":2560,\"height\":617,\"caption\":\"grimann\"},\"logo\":{\"@id\":\"https:\\\/\\\/www.grimann.de\\\/wp-content\\\/uploads\\\/2022\\\/07\\\/signatur1-scaled.jpg\"},\"sameAs\":[\"https:\\\/\\\/www.grimann.de\",\"https:\\\/\\\/www.facebook.com\\\/adam.grimann\",\"https:\\\/\\\/www.instagram.com\\\/atelier_grimann\\\/\",\"https:\\\/\\\/www.linkedin.com\\\/in\\\/adam-grimann-4684a661\\\/\"]}]}<\/script>\n<!-- \/ Yoast SEO plugin. -->","yoast_head_json":{"title":"ksi\u0105\u017ceczka (j\u0119z. niemiecki) - my gallery","robots":{"index":"index","follow":"follow","max-snippet":"max-snippet:-1","max-image-preview":"max-image-preview:large","max-video-preview":"max-video-preview:-1"},"canonical":"https:\/\/www.grimann.de\/zh\/deutsch-buchbestellung\/","og_locale":"pl_PL","og_type":"article","og_title":"ksi\u0105\u017ceczka (j\u0119z. niemiecki) - my gallery","og_description":"Tutaj maj\u0105 pa\u0144stwo mo\u017cliwo\u015b\u0107 zakupu broszury z 30-toma reprodukcjami moich prac i\u00a0 z wybranymi tekstami w j\u0119zyku niemieckim. Par\u0119 dodatkowych tekst\u00f3w jest ekskluzywnie tylko dla w\u0142a\u015bcicieli ksi\u0105\u017cki przez QR kod w internecie czytelnych. Cena: tylko 3,50\u20ac + 3,50 przesy\u0142ka(Polska) = 7\u20ac , Format: 21 x 21 cm, 24 Strony, kolor. ___________________________________ By zam\u00f3wi\u0107 prosz\u0119 o [&hellip;]","og_url":"https:\/\/www.grimann.de\/zh\/deutsch-buchbestellung\/","og_site_name":"my gallery","article_publisher":"https:\/\/www.facebook.com\/adam.grimann","article_modified_time":"2019-08-20T12:59:20+00:00","og_image":[{"url":"http:\/\/www.grimann.de\/wp-content\/uploads\/2013\/07\/20161104_070548-614x345.jpg","type":"","width":"","height":""}],"twitter_card":"summary_large_image","twitter_misc":{"Szacowany czas czytania":"1 minuta"},"schema":{"@context":"https:\/\/schema.org","@graph":[{"@type":"WebPage","@id":"https:\/\/www.grimann.de\/zh\/deutsch-buchbestellung\/","url":"https:\/\/www.grimann.de\/zh\/deutsch-buchbestellung\/","name":"ksi\u0105\u017ceczka (j\u0119z. niemiecki) - my gallery","isPartOf":{"@id":"https:\/\/www.grimann.de\/#website"},"primaryImageOfPage":{"@id":"https:\/\/www.grimann.de\/zh\/deutsch-buchbestellung\/#primaryimage"},"image":{"@id":"https:\/\/www.grimann.de\/zh\/deutsch-buchbestellung\/#primaryimage"},"thumbnailUrl":"http:\/\/www.grimann.de\/wp-content\/uploads\/2013\/07\/20161104_070548-614x345.jpg","datePublished":"2013-07-08T20:41:06+00:00","dateModified":"2019-08-20T12:59:20+00:00","breadcrumb":{"@id":"https:\/\/www.grimann.de\/zh\/deutsch-buchbestellung\/#breadcrumb"},"inLanguage":"pl-PL","potentialAction":[{"@type":"ReadAction","target":["https:\/\/www.grimann.de\/zh\/deutsch-buchbestellung\/"]}]},{"@type":"ImageObject","inLanguage":"pl-PL","@id":"https:\/\/www.grimann.de\/zh\/deutsch-buchbestellung\/#primaryimage","url":"http:\/\/www.grimann.de\/wp-content\/uploads\/2013\/07\/20161104_070548-614x345.jpg","contentUrl":"http:\/\/www.grimann.de\/wp-content\/uploads\/2013\/07\/20161104_070548-614x345.jpg"},{"@type":"BreadcrumbList","@id":"https:\/\/www.grimann.de\/zh\/deutsch-buchbestellung\/#breadcrumb","itemListElement":[{"@type":"ListItem","position":1,"name":"Home","item":"https:\/\/www.grimann.de\/"},{"@type":"ListItem","position":2,"name":"(Deutsch) buchbestellung"}]},{"@type":"WebSite","@id":"https:\/\/www.grimann.de\/#website","url":"https:\/\/www.grimann.de\/","name":"my gallery","description":"adams art","publisher":{"@id":"https:\/\/www.grimann.de\/#\/schema\/person\/b85eeb7bb21aee8cb16db5f471df2377"},"potentialAction":[{"@type":"SearchAction","target":{"@type":"EntryPoint","urlTemplate":"https:\/\/www.grimann.de\/?s={search_term_string}"},"query-input":{"@type":"PropertyValueSpecification","valueRequired":true,"valueName":"search_term_string"}}],"inLanguage":"pl-PL"},{"@type":["Person","Organization"],"@id":"https:\/\/www.grimann.de\/#\/schema\/person\/b85eeb7bb21aee8cb16db5f471df2377","name":"grimann","image":{"@type":"ImageObject","inLanguage":"pl-PL","@id":"https:\/\/www.grimann.de\/wp-content\/uploads\/2022\/07\/signatur1-scaled.jpg","url":"https:\/\/www.grimann.de\/wp-content\/uploads\/2022\/07\/signatur1-scaled.jpg","contentUrl":"https:\/\/www.grimann.de\/wp-content\/uploads\/2022\/07\/signatur1-scaled.jpg","width":2560,"height":617,"caption":"grimann"},"logo":{"@id":"https:\/\/www.grimann.de\/wp-content\/uploads\/2022\/07\/signatur1-scaled.jpg"},"sameAs":["https:\/\/www.grimann.de","https:\/\/www.facebook.com\/adam.grimann","https:\/\/www.instagram.com\/atelier_grimann\/","https:\/\/www.linkedin.com\/in\/adam-grimann-4684a661\/"]}]}},"_links":{"self":[{"href":"https:\/\/www.grimann.de\/pl\/wp-json\/wp\/v2\/pages\/474","targetHints":{"allow":["GET"]}}],"collection":[{"href":"https:\/\/www.grimann.de\/pl\/wp-json\/wp\/v2\/pages"}],"about":[{"href":"https:\/\/www.grimann.de\/pl\/wp-json\/wp\/v2\/types\/page"}],"author":[{"embeddable":true,"href":"https:\/\/www.grimann.de\/pl\/wp-json\/wp\/v2\/users\/1"}],"replies":[{"embeddable":true,"href":"https:\/\/www.grimann.de\/pl\/wp-json\/wp\/v2\/comments?post=474"}],"version-history":[{"count":10,"href":"https:\/\/www.grimann.de\/pl\/wp-json\/wp\/v2\/pages\/474\/revisions"}],"predecessor-version":[{"id":2405,"href":"https:\/\/www.grimann.de\/pl\/wp-json\/wp\/v2\/pages\/474\/revisions\/2405"}],"wp:attachment":[{"href":"https:\/\/www.grimann.de\/pl\/wp-json\/wp\/v2\/media?parent=474"}],"curies":[{"name":"wp","href":"https:\/\/api.w.org\/{rel}","templated":true}]}}