{"id":1832,"date":"2017-08-08T18:25:20","date_gmt":"2017-08-08T16:25:20","guid":{"rendered":"http:\/\/www.grimann.de\/?post_type=product&#038;p=1832"},"modified":"2020-08-21T07:13:46","modified_gmt":"2020-08-21T05:13:46","slug":"siebdruck-bedruckte-t-shirt-fruit-of-the-loom-muschis","status":"publish","type":"product","link":"https:\/\/www.grimann.de\/pl\/produkt\/siebdruck-bedruckte-t-shirt-fruit-of-the-loom-muschis\/","title":{"rendered":"Sitodrukowo drukowane koszulki &#8222;kociaki&#8221;"},"content":{"rendered":"<p>koszulka &#8222;kociaki&#8221; Motyw: rysunek cienkopisem, przedruk.<\/p>\n<p>Posiadam ju\u017c tylko niewiele egzemplarzy, prosz\u0119 o zapytanie ofertowe odno\u015bne do wielko\u015bci i koloru, dzi\u0119kuj\u0119 i pozdrawiam.<\/p>\n<h5><span style=\"font-size: xx-small;\"><strong>Tekstylie:<\/strong>\u00a0 \u00a0 \u00a0 \u00a0 \u00a0<\/span><\/h5>\n<h5><span style=\"font-size: xx-small;\">Marka: Fruit of The Loom<br \/>\nModell: Valueweight T \u00a0 \u00a0 \u00a0 \u00a0\u00a0<\/span><\/h5>\n<h5><span style=\"font-size: xx-small;\">Opis:<\/span><\/h5>\n<ul>\n<li>\n<h5><span style=\"font-size: xx-small;\"> 165 g\/qm (White: 160 g\/qm)<\/span><\/h5>\n<\/li>\n<li>\n<h5><span style=\"font-size: xx-small;\"> 100% Bawelna (Belcoro\u00ae Garn); Ash: 99% bawelna, 1% Poliester, Heather Grey: 97% bawelna, 3% Poliester \u00a0 \u00a0 \u00a0 \u00a0 \u00a0\u00a0<\/span><\/h5>\n<\/li>\n<li>\n<h5><span style=\"font-size: xx-small;\">Karczek<\/span><\/h5>\n<\/li>\n<li>\n<h5><span style=\"font-size: xx-small;\"> podwojne szycie na rekawkach<br \/>\n<\/span><\/h5>\n<\/li>\n<li>\n<h5><span style=\"font-size: xx-small;\"> Optimalne utrzymanie formy<br \/>\n<\/span><\/h5>\n<\/li>\n<\/ul>\n<h5><span style=\"font-size: xx-small;\">Wielkosci: S, M, L, XL, Tylko kte kolory: black, light graphite (grau), fuchsia, kelly green, bottle green, azure blue (kolory nie wypisane wyprzedane, wieksze zamowienia mozliwe)<br \/>\n<\/span><\/h5>\n<h5><span style=\"font-size: xx-small;\">\u00a0<img decoding=\"async\" src=\"http:\/\/www.bizkuit.de\/ebay\/Valueweight_02.jpg\" width=\"800\" \/><br \/>\n<\/span><\/h5>\n<p><\/p>","protected":false},"excerpt":{"rendered":"<p><a href=\"http:\/\/www.grimann.de\/?attachment_id=1833\" rel=\"attachment wp-att-1833\"><img loading=\"lazy\" decoding=\"async\" class=\"aligncenter size-large wp-image-1833\" src=\"http:\/\/www.grimann.de\/wp-content\/uploads\/2017\/08\/b-shirt-front-553x614.jpg\" alt=\"b-shirt-front\" width=\"520\" height=\"577\" srcset=\"https:\/\/www.grimann.de\/wp-content\/uploads\/2017\/08\/b-shirt-front-553x614.jpg 553w, https:\/\/www.grimann.de\/wp-content\/uploads\/2017\/08\/b-shirt-front-300x333.jpg 300w, https:\/\/www.grimann.de\/wp-content\/uploads\/2017\/08\/b-shirt-front-135x150.jpg 135w, https:\/\/www.grimann.de\/wp-content\/uploads\/2017\/08\/b-shirt-front-270x300.jpg 270w, https:\/\/www.grimann.de\/wp-content\/uploads\/2017\/08\/b-shirt-front-768x853.jpg 768w, https:\/\/www.grimann.de\/wp-content\/uploads\/2017\/08\/b-shirt-front.jpg 864w\" sizes=\"auto, (max-width: 520px) 100vw, 520px\" \/><\/a><\/p>\n","protected":false},"featured_media":1833,"comment_status":"open","ping_status":"closed","template":"","meta":{"_exactmetrics_skip_tracking":false,"_exactmetrics_sitenote_active":false,"_exactmetrics_sitenote_note":"","_exactmetrics_sitenote_category":0,"ngg_post_thumbnail":0,"ocean_post_layout":"","ocean_both_sidebars_style":"","ocean_both_sidebars_content_width":0,"ocean_both_sidebars_sidebars_width":0,"ocean_sidebar":"","ocean_second_sidebar":"","ocean_disable_margins":"enable","ocean_add_body_class":"","ocean_shortcode_before_top_bar":"","ocean_shortcode_after_top_bar":"","ocean_shortcode_before_header":"","ocean_shortcode_after_header":"","ocean_has_shortcode":"","ocean_shortcode_after_title":"","ocean_shortcode_before_footer_widgets":"","ocean_shortcode_after_footer_widgets":"","ocean_shortcode_before_footer_bottom":"","ocean_shortcode_after_footer_bottom":"","ocean_display_top_bar":"default","ocean_display_header":"default","ocean_header_style":"","ocean_center_header_left_menu":"","ocean_custom_header_template":"","ocean_custom_logo":0,"ocean_custom_retina_logo":0,"ocean_custom_logo_max_width":0,"ocean_custom_logo_tablet_max_width":0,"ocean_custom_logo_mobile_max_width":0,"ocean_custom_logo_max_height":0,"ocean_custom_logo_tablet_max_height":0,"ocean_custom_logo_mobile_max_height":0,"ocean_header_custom_menu":"","ocean_menu_typo_font_family":"","ocean_menu_typo_font_subset":"","ocean_menu_typo_font_size":0,"ocean_menu_typo_font_size_tablet":0,"ocean_menu_typo_font_size_mobile":0,"ocean_menu_typo_font_size_unit":"px","ocean_menu_typo_font_weight":"","ocean_menu_typo_font_weight_tablet":"","ocean_menu_typo_font_weight_mobile":"","ocean_menu_typo_transform":"","ocean_menu_typo_transform_tablet":"","ocean_menu_typo_transform_mobile":"","ocean_menu_typo_line_height":0,"ocean_menu_typo_line_height_tablet":0,"ocean_menu_typo_line_height_mobile":0,"ocean_menu_typo_line_height_unit":"","ocean_menu_typo_spacing":0,"ocean_menu_typo_spacing_tablet":0,"ocean_menu_typo_spacing_mobile":0,"ocean_menu_typo_spacing_unit":"","ocean_menu_link_color":"","ocean_menu_link_color_hover":"","ocean_menu_link_color_active":"","ocean_menu_link_background":"","ocean_menu_link_hover_background":"","ocean_menu_link_active_background":"","ocean_menu_social_links_bg":"","ocean_menu_social_hover_links_bg":"","ocean_menu_social_links_color":"","ocean_menu_social_hover_links_color":"","ocean_disable_title":"default","ocean_disable_heading":"default","ocean_post_title":"","ocean_post_subheading":"","ocean_post_title_style":"","ocean_post_title_background_color":"","ocean_post_title_background":0,"ocean_post_title_bg_image_position":"","ocean_post_title_bg_image_attachment":"","ocean_post_title_bg_image_repeat":"","ocean_post_title_bg_image_size":"","ocean_post_title_height":0,"ocean_post_title_bg_overlay":0.5,"ocean_post_title_bg_overlay_color":"","ocean_disable_breadcrumbs":"default","ocean_breadcrumbs_color":"","ocean_breadcrumbs_separator_color":"","ocean_breadcrumbs_links_color":"","ocean_breadcrumbs_links_hover_color":"","ocean_display_footer_widgets":"default","ocean_display_footer_bottom":"default","ocean_custom_footer_template":""},"product_brand":[],"product_cat":[411],"product_tag":[323,322,325,324,321],"class_list":{"0":"post-1832","1":"product","2":"type-product","3":"status-publish","4":"has-post-thumbnail","6":"product_cat-unkategorisiert","7":"product_tag-katzen-t-shirt","8":"product_tag-kuenstler-t-shirt","9":"product_tag-muschis","10":"product_tag-muschis-t-shirt","11":"product_tag-t-shirt","13":"entry","14":"has-media","16":"first","17":"instock","18":"purchasable","19":"product-type-simple","20":"has-product-nav","21":"col","22":"span_1_of_3","23":"owp-content-center","24":"owp-thumbs-layout-horizontal","25":"owp-btn-normal","26":"owp-tabs-layout-horizontal","27":"has-no-thumbnails"},"yoast_head":"<!-- This site is optimized with the Yoast SEO plugin v27.3 - https:\/\/yoast.com\/product\/yoast-seo-wordpress\/ -->\n<title>Muschi - T-Shirt, www.grimann.de , adams gallery<\/title>\n<meta name=\"description\" content=\"siebdruck-bedruckte-t-shirt-fruit-of-the-loom-muschis\" \/>\n<meta name=\"robots\" content=\"index, follow, max-snippet:-1, max-image-preview:large, max-video-preview:-1\" \/>\n<link rel=\"canonical\" href=\"https:\/\/www.grimann.de\/produkt\/siebdruck-bedruckte-t-shirt-fruit-of-the-loom-muschis\/\" \/>\n<meta property=\"og:locale\" content=\"pl_PL\" \/>\n<meta property=\"og:type\" content=\"article\" \/>\n<meta property=\"og:title\" content=\"Muschi - T-Shirt, www.grimann.de , adams gallery\" \/>\n<meta property=\"og:description\" content=\"siebdruck-bedruckte-t-shirt-fruit-of-the-loom-muschis\" \/>\n<meta property=\"og:url\" content=\"https:\/\/www.grimann.de\/produkt\/siebdruck-bedruckte-t-shirt-fruit-of-the-loom-muschis\/\" \/>\n<meta property=\"og:site_name\" content=\"my gallery\" \/>\n<meta property=\"article:publisher\" content=\"https:\/\/www.facebook.com\/adam.grimann\" \/>\n<meta property=\"article:modified_time\" content=\"2020-08-21T05:13:46+00:00\" \/>\n<meta property=\"og:image\" content=\"https:\/\/www.grimann.de\/wp-content\/uploads\/2017\/08\/b-shirt-front.jpg\" \/>\n\t<meta property=\"og:image:width\" content=\"864\" \/>\n\t<meta property=\"og:image:height\" content=\"960\" \/>\n\t<meta property=\"og:image:type\" content=\"image\/jpeg\" \/>\n<meta name=\"twitter:card\" content=\"summary_large_image\" \/>\n<meta name=\"twitter:label1\" content=\"Szacowany czas czytania\" \/>\n\t<meta name=\"twitter:data1\" content=\"1 minuta\" \/>\n<script type=\"application\/ld+json\" class=\"yoast-schema-graph\">{\"@context\":\"https:\\\/\\\/schema.org\",\"@graph\":[{\"@type\":\"WebPage\",\"@id\":\"https:\\\/\\\/www.grimann.de\\\/produkt\\\/siebdruck-bedruckte-t-shirt-fruit-of-the-loom-muschis\\\/\",\"url\":\"https:\\\/\\\/www.grimann.de\\\/produkt\\\/siebdruck-bedruckte-t-shirt-fruit-of-the-loom-muschis\\\/\",\"name\":\"Muschi - T-Shirt, www.grimann.de , adams gallery\",\"isPartOf\":{\"@id\":\"https:\\\/\\\/www.grimann.de\\\/#website\"},\"primaryImageOfPage\":{\"@id\":\"https:\\\/\\\/www.grimann.de\\\/produkt\\\/siebdruck-bedruckte-t-shirt-fruit-of-the-loom-muschis\\\/#primaryimage\"},\"image\":{\"@id\":\"https:\\\/\\\/www.grimann.de\\\/produkt\\\/siebdruck-bedruckte-t-shirt-fruit-of-the-loom-muschis\\\/#primaryimage\"},\"thumbnailUrl\":\"https:\\\/\\\/www.grimann.de\\\/wp-content\\\/uploads\\\/2017\\\/08\\\/b-shirt-front.jpg\",\"datePublished\":\"2017-08-08T16:25:20+00:00\",\"dateModified\":\"2020-08-21T05:13:46+00:00\",\"description\":\"siebdruck-bedruckte-t-shirt-fruit-of-the-loom-muschis\",\"breadcrumb\":{\"@id\":\"https:\\\/\\\/www.grimann.de\\\/produkt\\\/siebdruck-bedruckte-t-shirt-fruit-of-the-loom-muschis\\\/#breadcrumb\"},\"inLanguage\":\"pl-PL\",\"potentialAction\":[{\"@type\":\"ReadAction\",\"target\":[\"https:\\\/\\\/www.grimann.de\\\/produkt\\\/siebdruck-bedruckte-t-shirt-fruit-of-the-loom-muschis\\\/\"]}]},{\"@type\":\"ImageObject\",\"inLanguage\":\"pl-PL\",\"@id\":\"https:\\\/\\\/www.grimann.de\\\/produkt\\\/siebdruck-bedruckte-t-shirt-fruit-of-the-loom-muschis\\\/#primaryimage\",\"url\":\"https:\\\/\\\/www.grimann.de\\\/wp-content\\\/uploads\\\/2017\\\/08\\\/b-shirt-front.jpg\",\"contentUrl\":\"https:\\\/\\\/www.grimann.de\\\/wp-content\\\/uploads\\\/2017\\\/08\\\/b-shirt-front.jpg\",\"width\":864,\"height\":960},{\"@type\":\"BreadcrumbList\",\"@id\":\"https:\\\/\\\/www.grimann.de\\\/produkt\\\/siebdruck-bedruckte-t-shirt-fruit-of-the-loom-muschis\\\/#breadcrumb\",\"itemListElement\":[{\"@type\":\"ListItem\",\"position\":1,\"name\":\"Home\",\"item\":\"https:\\\/\\\/www.grimann.de\\\/\"},{\"@type\":\"ListItem\",\"position\":2,\"name\":\"shop\",\"item\":\"https:\\\/\\\/www.grimann.de\\\/shop\\\/\"},{\"@type\":\"ListItem\",\"position\":3,\"name\":\"Siebdruck bedruckte T-Shirt Fruit of The Loom &#8211; &#8222;Muschis&#8220;\"}]},{\"@type\":\"WebSite\",\"@id\":\"https:\\\/\\\/www.grimann.de\\\/#website\",\"url\":\"https:\\\/\\\/www.grimann.de\\\/\",\"name\":\"my gallery\",\"description\":\"adams art\",\"publisher\":{\"@id\":\"https:\\\/\\\/www.grimann.de\\\/#\\\/schema\\\/person\\\/b85eeb7bb21aee8cb16db5f471df2377\"},\"potentialAction\":[{\"@type\":\"SearchAction\",\"target\":{\"@type\":\"EntryPoint\",\"urlTemplate\":\"https:\\\/\\\/www.grimann.de\\\/?s={search_term_string}\"},\"query-input\":{\"@type\":\"PropertyValueSpecification\",\"valueRequired\":true,\"valueName\":\"search_term_string\"}}],\"inLanguage\":\"pl-PL\"},{\"@type\":[\"Person\",\"Organization\"],\"@id\":\"https:\\\/\\\/www.grimann.de\\\/#\\\/schema\\\/person\\\/b85eeb7bb21aee8cb16db5f471df2377\",\"name\":\"grimann\",\"image\":{\"@type\":\"ImageObject\",\"inLanguage\":\"pl-PL\",\"@id\":\"https:\\\/\\\/www.grimann.de\\\/wp-content\\\/uploads\\\/2022\\\/07\\\/signatur1-scaled.jpg\",\"url\":\"https:\\\/\\\/www.grimann.de\\\/wp-content\\\/uploads\\\/2022\\\/07\\\/signatur1-scaled.jpg\",\"contentUrl\":\"https:\\\/\\\/www.grimann.de\\\/wp-content\\\/uploads\\\/2022\\\/07\\\/signatur1-scaled.jpg\",\"width\":2560,\"height\":617,\"caption\":\"grimann\"},\"logo\":{\"@id\":\"https:\\\/\\\/www.grimann.de\\\/wp-content\\\/uploads\\\/2022\\\/07\\\/signatur1-scaled.jpg\"},\"sameAs\":[\"https:\\\/\\\/www.grimann.de\",\"https:\\\/\\\/www.facebook.com\\\/adam.grimann\",\"https:\\\/\\\/www.instagram.com\\\/atelier_grimann\\\/\",\"https:\\\/\\\/www.linkedin.com\\\/in\\\/adam-grimann-4684a661\\\/\"]}]}<\/script>\n<!-- \/ Yoast SEO plugin. -->","yoast_head_json":{"title":"Muschi - T-Shirt, www.grimann.de , adams gallery","description":"siebdruck-bedruckte-t-shirt-fruit-of-the-loom-muschis","robots":{"index":"index","follow":"follow","max-snippet":"max-snippet:-1","max-image-preview":"max-image-preview:large","max-video-preview":"max-video-preview:-1"},"canonical":"https:\/\/www.grimann.de\/produkt\/siebdruck-bedruckte-t-shirt-fruit-of-the-loom-muschis\/","og_locale":"pl_PL","og_type":"article","og_title":"Muschi - T-Shirt, www.grimann.de , adams gallery","og_description":"siebdruck-bedruckte-t-shirt-fruit-of-the-loom-muschis","og_url":"https:\/\/www.grimann.de\/produkt\/siebdruck-bedruckte-t-shirt-fruit-of-the-loom-muschis\/","og_site_name":"my gallery","article_publisher":"https:\/\/www.facebook.com\/adam.grimann","article_modified_time":"2020-08-21T05:13:46+00:00","og_image":[{"width":864,"height":960,"url":"https:\/\/www.grimann.de\/wp-content\/uploads\/2017\/08\/b-shirt-front.jpg","type":"image\/jpeg"}],"twitter_card":"summary_large_image","twitter_misc":{"Szacowany czas czytania":"1 minuta"},"schema":{"@context":"https:\/\/schema.org","@graph":[{"@type":"WebPage","@id":"https:\/\/www.grimann.de\/produkt\/siebdruck-bedruckte-t-shirt-fruit-of-the-loom-muschis\/","url":"https:\/\/www.grimann.de\/produkt\/siebdruck-bedruckte-t-shirt-fruit-of-the-loom-muschis\/","name":"Muschi - T-Shirt, www.grimann.de , adams gallery","isPartOf":{"@id":"https:\/\/www.grimann.de\/#website"},"primaryImageOfPage":{"@id":"https:\/\/www.grimann.de\/produkt\/siebdruck-bedruckte-t-shirt-fruit-of-the-loom-muschis\/#primaryimage"},"image":{"@id":"https:\/\/www.grimann.de\/produkt\/siebdruck-bedruckte-t-shirt-fruit-of-the-loom-muschis\/#primaryimage"},"thumbnailUrl":"https:\/\/www.grimann.de\/wp-content\/uploads\/2017\/08\/b-shirt-front.jpg","datePublished":"2017-08-08T16:25:20+00:00","dateModified":"2020-08-21T05:13:46+00:00","description":"siebdruck-bedruckte-t-shirt-fruit-of-the-loom-muschis","breadcrumb":{"@id":"https:\/\/www.grimann.de\/produkt\/siebdruck-bedruckte-t-shirt-fruit-of-the-loom-muschis\/#breadcrumb"},"inLanguage":"pl-PL","potentialAction":[{"@type":"ReadAction","target":["https:\/\/www.grimann.de\/produkt\/siebdruck-bedruckte-t-shirt-fruit-of-the-loom-muschis\/"]}]},{"@type":"ImageObject","inLanguage":"pl-PL","@id":"https:\/\/www.grimann.de\/produkt\/siebdruck-bedruckte-t-shirt-fruit-of-the-loom-muschis\/#primaryimage","url":"https:\/\/www.grimann.de\/wp-content\/uploads\/2017\/08\/b-shirt-front.jpg","contentUrl":"https:\/\/www.grimann.de\/wp-content\/uploads\/2017\/08\/b-shirt-front.jpg","width":864,"height":960},{"@type":"BreadcrumbList","@id":"https:\/\/www.grimann.de\/produkt\/siebdruck-bedruckte-t-shirt-fruit-of-the-loom-muschis\/#breadcrumb","itemListElement":[{"@type":"ListItem","position":1,"name":"Home","item":"https:\/\/www.grimann.de\/"},{"@type":"ListItem","position":2,"name":"shop","item":"https:\/\/www.grimann.de\/shop\/"},{"@type":"ListItem","position":3,"name":"Siebdruck bedruckte T-Shirt Fruit of The Loom &#8211; &#8222;Muschis&#8220;"}]},{"@type":"WebSite","@id":"https:\/\/www.grimann.de\/#website","url":"https:\/\/www.grimann.de\/","name":"my gallery","description":"adams art","publisher":{"@id":"https:\/\/www.grimann.de\/#\/schema\/person\/b85eeb7bb21aee8cb16db5f471df2377"},"potentialAction":[{"@type":"SearchAction","target":{"@type":"EntryPoint","urlTemplate":"https:\/\/www.grimann.de\/?s={search_term_string}"},"query-input":{"@type":"PropertyValueSpecification","valueRequired":true,"valueName":"search_term_string"}}],"inLanguage":"pl-PL"},{"@type":["Person","Organization"],"@id":"https:\/\/www.grimann.de\/#\/schema\/person\/b85eeb7bb21aee8cb16db5f471df2377","name":"grimann","image":{"@type":"ImageObject","inLanguage":"pl-PL","@id":"https:\/\/www.grimann.de\/wp-content\/uploads\/2022\/07\/signatur1-scaled.jpg","url":"https:\/\/www.grimann.de\/wp-content\/uploads\/2022\/07\/signatur1-scaled.jpg","contentUrl":"https:\/\/www.grimann.de\/wp-content\/uploads\/2022\/07\/signatur1-scaled.jpg","width":2560,"height":617,"caption":"grimann"},"logo":{"@id":"https:\/\/www.grimann.de\/wp-content\/uploads\/2022\/07\/signatur1-scaled.jpg"},"sameAs":["https:\/\/www.grimann.de","https:\/\/www.facebook.com\/adam.grimann","https:\/\/www.instagram.com\/atelier_grimann\/","https:\/\/www.linkedin.com\/in\/adam-grimann-4684a661\/"]}]}},"_links":{"self":[{"href":"https:\/\/www.grimann.de\/pl\/wp-json\/wp\/v2\/product\/1832","targetHints":{"allow":["GET"]}}],"collection":[{"href":"https:\/\/www.grimann.de\/pl\/wp-json\/wp\/v2\/product"}],"about":[{"href":"https:\/\/www.grimann.de\/pl\/wp-json\/wp\/v2\/types\/product"}],"replies":[{"embeddable":true,"href":"https:\/\/www.grimann.de\/pl\/wp-json\/wp\/v2\/comments?post=1832"}],"wp:featuredmedia":[{"embeddable":true,"href":"https:\/\/www.grimann.de\/pl\/wp-json\/wp\/v2\/media\/1833"}],"wp:attachment":[{"href":"https:\/\/www.grimann.de\/pl\/wp-json\/wp\/v2\/media?parent=1832"}],"wp:term":[{"taxonomy":"product_brand","embeddable":true,"href":"https:\/\/www.grimann.de\/pl\/wp-json\/wp\/v2\/product_brand?post=1832"},{"taxonomy":"product_cat","embeddable":true,"href":"https:\/\/www.grimann.de\/pl\/wp-json\/wp\/v2\/product_cat?post=1832"},{"taxonomy":"product_tag","embeddable":true,"href":"https:\/\/www.grimann.de\/pl\/wp-json\/wp\/v2\/product_tag?post=1832"}],"curies":[{"name":"wp","href":"https:\/\/api.w.org\/{rel}","templated":true}]}}