{"id":2426,"date":"2019-09-23T10:15:50","date_gmt":"2019-09-23T08:15:50","guid":{"rendered":"http:\/\/www.grimann.de\/?page_id=2426"},"modified":"2019-09-23T10:15:50","modified_gmt":"2019-09-23T08:15:50","slug":"veroeffentlichungen","status":"publish","type":"page","link":"https:\/\/www.grimann.de\/zh\/veroeffentlichungen\/","title":{"rendered":"Ver\u00f6ffentlichungen"},"content":{"rendered":"<p class=\"qtranxs-available-languages-message qtranxs-available-languages-message-zh\">\u5bf9\u4e0d\u8d77\uff0c\u6b64\u5185\u5bb9\u53ea\u9002\u7528\u4e8e<a href=\"https:\/\/www.grimann.de\/de\/wp-json\/wp\/v2\/pages\/2426\" class=\"qtranxs-available-language-link qtranxs-available-language-link-de\" title=\"Deutsch\">Deutsch<\/a>\u548c<a href=\"https:\/\/www.grimann.de\/pl\/wp-json\/wp\/v2\/pages\/2426\" class=\"qtranxs-available-language-link qtranxs-available-language-link-pl\" title=\"Polski\">Polski<\/a>\u3002 For the sake of viewer convenience, the content is shown below in this site default language. You may click one of the links to switch the site language to another available language.<\/p><p><\/p>\n<h4 class=\"pv-accomplishment-entity__title\">1.\u00a0 Nacht der Hunde &#8211; sangre y pan<\/h4>\n<p><span class=\"publisher\">Wunderwaldverlag <\/span><\/p>\n<p><span class=\"year\"><span class=\"pv-accomplishment-entity__date\"><span class=\"visually-hidden\">Ver\u00f6ffentlichungsdatum<\/span> <\/span>: <span class=\"pv-accomplishment-entity__date\">8. M\u00e4rz 2011<\/span><span class=\"pv-accomplishment-entity__publisher\"><span class=\"visually-hidden\">\u00a0<\/span><\/span><br \/>\n<\/span><\/p>\n<p>&#8220;Eine wundersch\u00f6ne Audio-CD mit ca. 60 Minuten Poesie vom Feinsten. Gesprochen von der Dichterin Franziska R\u00f6chter selbst, mit ihrer unverwechselbaren Stimme. Verklanglicht zu audiophiler Poesie im Red Line Studio von Bernd Wohlfahrt. Coverillustrationen: Adam Grimann. Etliche von R\u00f6chters besten Gedichten aus ihrem Band hummeln im hintern (u.a. fledermausnacht, sterntaler, ostern) sowie unz\u00e4hlige neue St\u00fccke, unter anderem der komplette farnwald-Zyklus sowie ihr pr\u00e4miertes Gedicht \u201anatur\u2019 (Lyrikpreis Hochstadter Stier) wurden hier aufs geschmackvollste und \u00e4u\u00dferst abwechslungsreich mit dem eigenwilligen Wohlfahrt-Sound verwoben und neu zubereitet. Sprachwitz und Humor wechseln sich ab mit mystischer Tiefgr\u00fcndigkeit und Melancholie. Ein absolutes Muss f\u00fcr alle Liebhaber origineller Gedichte. Lassen Sie sich entf\u00fchren in die poetische Vielfalt einer zauberhaften Stimme und eines au\u00dfergew\u00f6hnlichen Klangs.&#8221;<\/p>\n<p><a href=\"https:\/\/www.franzis-litfass.biz\/b%C3%BCcher\/\" target=\"_blank\" rel=\"noopener noreferrer\">Bestellung<\/a>, <a href=\"https:\/\/www.youtube.com\/watch?v=j37ORXq-d3M\" target=\"_blank\" rel=\"noopener noreferrer\">trailer<\/a><\/p>\n<h4 class=\"pv-accomplishment-entity__title\">2.\u00a0 Haben Sie Komfortstatus?<\/h4>\n<p class=\"pv-accomplishment-entity__subtitle\"><span class=\"pv-accomplishment-entity__date\"> <span class=\"visually-hidden\">Ver\u00f6ffentlichungsdatum:\u00a0<\/span> 8. M\u00e4rz 2011<\/span><span class=\"pv-accomplishment-entity__publisher\"><span class=\"visually-hidden\">\u00a0<\/span><\/span><\/p>\n<p class=\"pv-accomplishment-entity__subtitle\"><span class=\"pv-accomplishment-entity__publisher\"> Wunderwaldverlag <\/span><\/p>\n<p class=\"pv-accomplishment-entity__description t-14\">\u00a0&#8220;Erfrischend! \u00dcberraschend! Begeisternd! Dieser Kreativ Vulkan spr\u00fcht Zauberfluten, dass es kaum ein Tal noch fassen kann!\u2019 Ein \u00dcberlebens-Kunst-Buch voll mit Slam Poetry, Spoken Word Texten und Geschichten \u00fcber die Absurdit\u00e4ten und Skurrilit\u00e4ten eines au\u00dfergew\u00f6hnlichen Lebens und einer wundervollen Welt. Schlagen Sie dem in verschiedensten Verkleidungen lauernden Verfall ein Schnippchen! Bejahen Sie \u00c4ngste und Ambivalenzen, um nicht auf der Strecke zu bleiben! Prosaisch, lyrisch, gereimt und gefleddert. Immer mit einer gro\u00dfen Portion Selbstironie, einem zwinkernden Auge und Schalk im Nacken. Stellenweise bleibt dem Leser die Luft im Hals stecken. Denn das Leben kann so b\u00f6se sein. Mit zauberhaften Illustrationen des Herforder K\u00fcnstlers Adam Grimann. \u2018Franziska R\u00f6chter muss man besitzen!\u2019 (G\u00fcnter Specht, G\u00fctersloh Tagebuch). Adam Grimann auch.&#8221;<\/p>\n<p><a href=\"https:\/\/www.franzis-litfass.biz\/b%C3%BCcher\/\" target=\"_blank\" rel=\"noopener noreferrer\">Bestellung<\/a>, <a href=\"https:\/\/www.youtube.com\/watch?v=eOvYA3r-2Zs\" target=\"_blank\" rel=\"noopener noreferrer\">trailer<\/a><\/p>\n<h4 class=\"pv-accomplishment-entity__title\">3. bis ans ende der zeiten. amen \/ sie ist ne domina<\/h4>\n<p class=\"pv-accomplishment-entity__subtitle\"><span class=\"pv-accomplishment-entity__date\"> <span class=\"visually-hidden\">Ver\u00f6ffentlichungsdatum:<\/span> 6. Aug. 2013 <\/span><\/p>\n<p class=\"pv-accomplishment-entity__subtitle\"><span class=\"pv-accomplishment-entity__publisher\">Chiliverlag <\/span><\/p>\n<p class=\"pv-accomplishment-entity__description t-14\">&#8220;Adam Grimann ist einer der originellsten und witzigsten &#8216;ernsthaften&#8217; K\u00fcnstler Ostwestfalens. Seine Bilder sind eine Augenweide und geh\u00f6ren angeschaut. Seine lebendigen Farben lassen gute Stimmung aufkommen. Der K\u00fcnstler vereint in seinen genialen Werken Witz, Originalit\u00e4t, Augenzwinkern und Komisches mit Ernsthaftigkeit, Wahrheit und der Tragik des Lebens.<br \/>\nDieses Buch besitzt zwei Anf\u00e4nge, also zwei B\u00fccher in einem, sowie 38 Farbbilder und etliche in s\/w.<br \/>\nBuch 1: bis ans ende der zeiten. amen, welches auch der Titel eines sehr gro\u00dfen Gem\u00e4ldes von Adam Grimann ist, enth\u00e4lt zu den Bildern Gedichte vom Abschiednehmen und Ausz\u00fcge aus Poetry Slam Texten von Franziska R\u00f6chter. Beide K\u00fcnstler verarbeiten auf ihre Art und Weise die Absurdit\u00e4t des menschlichen Daseins. Abschied kann alles M\u00f6gliche bedeuten: das Verlassen des Heimatlandes, die Trennung von einem &#8216;falschen&#8217; Freund, die Verabschiedung unliebsamer Gewohnheiten oder unrealistischer W\u00fcnsche oder die Auseinandersetzung mit dem unausweichlichen Tod.<br \/>\nBuch 2: sie ist ne domina handelt von den Tragikom\u00f6dien des Lebens und enth\u00e4lt Gedichte vom Weitermachen und ebenfalls Ausz\u00fcge aus Poetry-Slam-Texten Franzi R\u00f6chters. Adam Grimanns Bilder illustrieren aufs Vortrefflichste eine Lebenskunst, zu der die Akzeptanz des Skurrilen und Unausweichlichen dazugeh\u00f6rt, um nicht &#8216;vor die Hunde&#8217; zu gehen.<br \/>\nDieses Buch ist etwas ganz Besonderes und kann als Trostpflaster in d\u00fcsteren Stunden dienen.&#8221;<br \/>\n&#8220;Adam Grimanns Kunst fusioniert mit Texten von Franziska R\u00f6chter. Herausgekommen ist ein Wende-Buch mit zwei Anf\u00e4ngen, welches einen sehr sch\u00f6nen Querschnitt der Vielseitigkeit beider K\u00fcnstler zeigt.<br \/>\nDas Buch &#8216;bis ans ende der zeiten. amen \/ sie ist ne domina&#8217; ist bereits die dritte Kooperation mit der Autorin. U.a. steuerte er zu ihrem Audiobook &#8216;nacht der hunde &#8211; sangre y pan&#8217; die Illustrationen bei.&#8221;<\/p>\n<p><a href=\"https:\/\/www.franzis-litfass.biz\/b%C3%BCcher\/\" target=\"_blank\" rel=\"noopener noreferrer\">Bestellung<\/a>, <a href=\"https:\/\/www.youtube.com\/watch?v=bVpOQTI1b8c\" target=\"_blank\" rel=\"noopener noreferrer\">trailer<\/a><\/p>","protected":false},"excerpt":{"rendered":"<p>\u5bf9\u4e0d\u8d77\uff0c\u6b64\u5185\u5bb9\u53ea\u9002\u7528\u4e8eDeutsch\u548cPolski\u3002 For the sake of viewer conve [&hellip;]<\/p>\n","protected":false},"author":1,"featured_media":0,"parent":0,"menu_order":0,"comment_status":"closed","ping_status":"closed","template":"","meta":{"_exactmetrics_skip_tracking":false,"_exactmetrics_sitenote_active":false,"_exactmetrics_sitenote_note":"","_exactmetrics_sitenote_category":0,"ngg_post_thumbnail":0,"ocean_post_layout":"","ocean_both_sidebars_style":"","ocean_both_sidebars_content_width":0,"ocean_both_sidebars_sidebars_width":0,"ocean_sidebar":"","ocean_second_sidebar":"","ocean_disable_margins":"enable","ocean_add_body_class":"","ocean_shortcode_before_top_bar":"","ocean_shortcode_after_top_bar":"","ocean_shortcode_before_header":"","ocean_shortcode_after_header":"","ocean_has_shortcode":"","ocean_shortcode_after_title":"","ocean_shortcode_before_footer_widgets":"","ocean_shortcode_after_footer_widgets":"","ocean_shortcode_before_footer_bottom":"","ocean_shortcode_after_footer_bottom":"","ocean_display_top_bar":"default","ocean_display_header":"default","ocean_header_style":"","ocean_center_header_left_menu":"","ocean_custom_header_template":"","ocean_custom_logo":0,"ocean_custom_retina_logo":0,"ocean_custom_logo_max_width":0,"ocean_custom_logo_tablet_max_width":0,"ocean_custom_logo_mobile_max_width":0,"ocean_custom_logo_max_height":0,"ocean_custom_logo_tablet_max_height":0,"ocean_custom_logo_mobile_max_height":0,"ocean_header_custom_menu":"","ocean_menu_typo_font_family":"","ocean_menu_typo_font_subset":"","ocean_menu_typo_font_size":0,"ocean_menu_typo_font_size_tablet":0,"ocean_menu_typo_font_size_mobile":0,"ocean_menu_typo_font_size_unit":"px","ocean_menu_typo_font_weight":"","ocean_menu_typo_font_weight_tablet":"","ocean_menu_typo_font_weight_mobile":"","ocean_menu_typo_transform":"","ocean_menu_typo_transform_tablet":"","ocean_menu_typo_transform_mobile":"","ocean_menu_typo_line_height":0,"ocean_menu_typo_line_height_tablet":0,"ocean_menu_typo_line_height_mobile":0,"ocean_menu_typo_line_height_unit":"","ocean_menu_typo_spacing":0,"ocean_menu_typo_spacing_tablet":0,"ocean_menu_typo_spacing_mobile":0,"ocean_menu_typo_spacing_unit":"","ocean_menu_link_color":"","ocean_menu_link_color_hover":"","ocean_menu_link_color_active":"","ocean_menu_link_background":"","ocean_menu_link_hover_background":"","ocean_menu_link_active_background":"","ocean_menu_social_links_bg":"","ocean_menu_social_hover_links_bg":"","ocean_menu_social_links_color":"","ocean_menu_social_hover_links_color":"","ocean_disable_title":"default","ocean_disable_heading":"default","ocean_post_title":"","ocean_post_subheading":"","ocean_post_title_style":"","ocean_post_title_background_color":"","ocean_post_title_background":0,"ocean_post_title_bg_image_position":"","ocean_post_title_bg_image_attachment":"","ocean_post_title_bg_image_repeat":"","ocean_post_title_bg_image_size":"","ocean_post_title_height":0,"ocean_post_title_bg_overlay":0.5,"ocean_post_title_bg_overlay_color":"","ocean_disable_breadcrumbs":"default","ocean_breadcrumbs_color":"","ocean_breadcrumbs_separator_color":"","ocean_breadcrumbs_links_color":"","ocean_breadcrumbs_links_hover_color":"","ocean_display_footer_widgets":"default","ocean_display_footer_bottom":"default","ocean_custom_footer_template":"","footnotes":""},"class_list":["post-2426","page","type-page","status-publish","hentry","entry","owp-thumbs-layout-horizontal","owp-btn-normal","owp-tabs-layout-horizontal","has-no-thumbnails","has-product-nav"],"yoast_head":"<!-- This site is optimized with the Yoast SEO plugin v27.4 - https:\/\/yoast.com\/product\/yoast-seo-wordpress\/ -->\n<title>Ver\u00f6ffentlichungen - my gallery<\/title>\n<meta name=\"robots\" content=\"index, follow, max-snippet:-1, max-image-preview:large, max-video-preview:-1\" \/>\n<link rel=\"canonical\" href=\"https:\/\/www.grimann.de\/veroeffentlichungen\/\" \/>\n<meta property=\"og:locale\" content=\"zh_CN\" \/>\n<meta property=\"og:type\" content=\"article\" \/>\n<meta property=\"og:title\" content=\"Ver\u00f6ffentlichungen - my gallery\" \/>\n<meta property=\"og:description\" content=\"\u5bf9\u4e0d\u8d77\uff0c\u6b64\u5185\u5bb9\u53ea\u9002\u7528\u4e8eDeutsch\u548cPolski\u3002 For the sake of viewer conve [&hellip;]\" \/>\n<meta property=\"og:url\" content=\"https:\/\/www.grimann.de\/veroeffentlichungen\/\" \/>\n<meta property=\"og:site_name\" content=\"my gallery\" \/>\n<meta property=\"article:publisher\" content=\"https:\/\/www.facebook.com\/adam.grimann\" \/>\n<meta name=\"twitter:card\" content=\"summary_large_image\" \/>\n<meta name=\"twitter:label1\" content=\"\u9884\u8ba1\u9605\u8bfb\u65f6\u95f4\" \/>\n\t<meta name=\"twitter:data1\" content=\"3 \u5206\" \/>\n<script type=\"application\/ld+json\" class=\"yoast-schema-graph\">{\"@context\":\"https:\\\/\\\/schema.org\",\"@graph\":[{\"@type\":\"WebPage\",\"@id\":\"https:\\\/\\\/www.grimann.de\\\/veroeffentlichungen\\\/\",\"url\":\"https:\\\/\\\/www.grimann.de\\\/veroeffentlichungen\\\/\",\"name\":\"Ver\u00f6ffentlichungen - my gallery\",\"isPartOf\":{\"@id\":\"https:\\\/\\\/www.grimann.de\\\/#website\"},\"datePublished\":\"2019-09-23T08:15:50+00:00\",\"breadcrumb\":{\"@id\":\"https:\\\/\\\/www.grimann.de\\\/veroeffentlichungen\\\/#breadcrumb\"},\"inLanguage\":\"zh-Hans\",\"potentialAction\":[{\"@type\":\"ReadAction\",\"target\":[\"https:\\\/\\\/www.grimann.de\\\/veroeffentlichungen\\\/\"]}]},{\"@type\":\"BreadcrumbList\",\"@id\":\"https:\\\/\\\/www.grimann.de\\\/veroeffentlichungen\\\/#breadcrumb\",\"itemListElement\":[{\"@type\":\"ListItem\",\"position\":1,\"name\":\"Home\",\"item\":\"https:\\\/\\\/www.grimann.de\\\/\"},{\"@type\":\"ListItem\",\"position\":2,\"name\":\"Ver\u00f6ffentlichungen\"}]},{\"@type\":\"WebSite\",\"@id\":\"https:\\\/\\\/www.grimann.de\\\/#website\",\"url\":\"https:\\\/\\\/www.grimann.de\\\/\",\"name\":\"my gallery\",\"description\":\"adams art\",\"publisher\":{\"@id\":\"https:\\\/\\\/www.grimann.de\\\/#\\\/schema\\\/person\\\/b85eeb7bb21aee8cb16db5f471df2377\"},\"potentialAction\":[{\"@type\":\"SearchAction\",\"target\":{\"@type\":\"EntryPoint\",\"urlTemplate\":\"https:\\\/\\\/www.grimann.de\\\/?s={search_term_string}\"},\"query-input\":{\"@type\":\"PropertyValueSpecification\",\"valueRequired\":true,\"valueName\":\"search_term_string\"}}],\"inLanguage\":\"zh-Hans\"},{\"@type\":[\"Person\",\"Organization\"],\"@id\":\"https:\\\/\\\/www.grimann.de\\\/#\\\/schema\\\/person\\\/b85eeb7bb21aee8cb16db5f471df2377\",\"name\":\"grimann\",\"image\":{\"@type\":\"ImageObject\",\"inLanguage\":\"zh-Hans\",\"@id\":\"https:\\\/\\\/www.grimann.de\\\/wp-content\\\/uploads\\\/2022\\\/07\\\/signatur1-scaled.jpg\",\"url\":\"https:\\\/\\\/www.grimann.de\\\/wp-content\\\/uploads\\\/2022\\\/07\\\/signatur1-scaled.jpg\",\"contentUrl\":\"https:\\\/\\\/www.grimann.de\\\/wp-content\\\/uploads\\\/2022\\\/07\\\/signatur1-scaled.jpg\",\"width\":2560,\"height\":617,\"caption\":\"grimann\"},\"logo\":{\"@id\":\"https:\\\/\\\/www.grimann.de\\\/wp-content\\\/uploads\\\/2022\\\/07\\\/signatur1-scaled.jpg\"},\"sameAs\":[\"https:\\\/\\\/www.grimann.de\",\"https:\\\/\\\/www.facebook.com\\\/adam.grimann\",\"https:\\\/\\\/www.instagram.com\\\/atelier_grimann\\\/\",\"https:\\\/\\\/www.linkedin.com\\\/in\\\/adam-grimann-4684a661\\\/\"]}]}<\/script>\n<!-- \/ Yoast SEO plugin. -->","yoast_head_json":{"title":"Ver\u00f6ffentlichungen - my gallery","robots":{"index":"index","follow":"follow","max-snippet":"max-snippet:-1","max-image-preview":"max-image-preview:large","max-video-preview":"max-video-preview:-1"},"canonical":"https:\/\/www.grimann.de\/veroeffentlichungen\/","og_locale":"zh_CN","og_type":"article","og_title":"Ver\u00f6ffentlichungen - my gallery","og_description":"\u5bf9\u4e0d\u8d77\uff0c\u6b64\u5185\u5bb9\u53ea\u9002\u7528\u4e8eDeutsch\u548cPolski\u3002 For the sake of viewer conve [&hellip;]","og_url":"https:\/\/www.grimann.de\/veroeffentlichungen\/","og_site_name":"my gallery","article_publisher":"https:\/\/www.facebook.com\/adam.grimann","twitter_card":"summary_large_image","twitter_misc":{"\u9884\u8ba1\u9605\u8bfb\u65f6\u95f4":"3 \u5206"},"schema":{"@context":"https:\/\/schema.org","@graph":[{"@type":"WebPage","@id":"https:\/\/www.grimann.de\/veroeffentlichungen\/","url":"https:\/\/www.grimann.de\/veroeffentlichungen\/","name":"Ver\u00f6ffentlichungen - my gallery","isPartOf":{"@id":"https:\/\/www.grimann.de\/#website"},"datePublished":"2019-09-23T08:15:50+00:00","breadcrumb":{"@id":"https:\/\/www.grimann.de\/veroeffentlichungen\/#breadcrumb"},"inLanguage":"zh-Hans","potentialAction":[{"@type":"ReadAction","target":["https:\/\/www.grimann.de\/veroeffentlichungen\/"]}]},{"@type":"BreadcrumbList","@id":"https:\/\/www.grimann.de\/veroeffentlichungen\/#breadcrumb","itemListElement":[{"@type":"ListItem","position":1,"name":"Home","item":"https:\/\/www.grimann.de\/"},{"@type":"ListItem","position":2,"name":"Ver\u00f6ffentlichungen"}]},{"@type":"WebSite","@id":"https:\/\/www.grimann.de\/#website","url":"https:\/\/www.grimann.de\/","name":"my gallery","description":"adams art","publisher":{"@id":"https:\/\/www.grimann.de\/#\/schema\/person\/b85eeb7bb21aee8cb16db5f471df2377"},"potentialAction":[{"@type":"SearchAction","target":{"@type":"EntryPoint","urlTemplate":"https:\/\/www.grimann.de\/?s={search_term_string}"},"query-input":{"@type":"PropertyValueSpecification","valueRequired":true,"valueName":"search_term_string"}}],"inLanguage":"zh-Hans"},{"@type":["Person","Organization"],"@id":"https:\/\/www.grimann.de\/#\/schema\/person\/b85eeb7bb21aee8cb16db5f471df2377","name":"grimann","image":{"@type":"ImageObject","inLanguage":"zh-Hans","@id":"https:\/\/www.grimann.de\/wp-content\/uploads\/2022\/07\/signatur1-scaled.jpg","url":"https:\/\/www.grimann.de\/wp-content\/uploads\/2022\/07\/signatur1-scaled.jpg","contentUrl":"https:\/\/www.grimann.de\/wp-content\/uploads\/2022\/07\/signatur1-scaled.jpg","width":2560,"height":617,"caption":"grimann"},"logo":{"@id":"https:\/\/www.grimann.de\/wp-content\/uploads\/2022\/07\/signatur1-scaled.jpg"},"sameAs":["https:\/\/www.grimann.de","https:\/\/www.facebook.com\/adam.grimann","https:\/\/www.instagram.com\/atelier_grimann\/","https:\/\/www.linkedin.com\/in\/adam-grimann-4684a661\/"]}]}},"_links":{"self":[{"href":"https:\/\/www.grimann.de\/zh\/wp-json\/wp\/v2\/pages\/2426","targetHints":{"allow":["GET"]}}],"collection":[{"href":"https:\/\/www.grimann.de\/zh\/wp-json\/wp\/v2\/pages"}],"about":[{"href":"https:\/\/www.grimann.de\/zh\/wp-json\/wp\/v2\/types\/page"}],"author":[{"embeddable":true,"href":"https:\/\/www.grimann.de\/zh\/wp-json\/wp\/v2\/users\/1"}],"replies":[{"embeddable":true,"href":"https:\/\/www.grimann.de\/zh\/wp-json\/wp\/v2\/comments?post=2426"}],"version-history":[{"count":2,"href":"https:\/\/www.grimann.de\/zh\/wp-json\/wp\/v2\/pages\/2426\/revisions"}],"predecessor-version":[{"id":2428,"href":"https:\/\/www.grimann.de\/zh\/wp-json\/wp\/v2\/pages\/2426\/revisions\/2428"}],"wp:attachment":[{"href":"https:\/\/www.grimann.de\/zh\/wp-json\/wp\/v2\/media?parent=2426"}],"curies":[{"name":"wp","href":"https:\/\/api.w.org\/{rel}","templated":true}]}}