{"id":1827,"date":"2017-08-04T06:05:43","date_gmt":"2017-08-04T04:05:43","guid":{"rendered":"http:\/\/www.grimann.de\/?post_type=product&#038;p=1827"},"modified":"2020-01-15T08:24:24","modified_gmt":"2020-01-15T06:24:24","slug":"relaxing-tasse-kopie","status":"publish","type":"product","link":"https:\/\/www.grimann.de\/zh\/produkt\/relaxing-tasse-kopie\/","title":{"rendered":"Relaxing Tasse &#8211; Wanne"},"content":{"rendered":"<p class=\"qtranxs-available-languages-message qtranxs-available-languages-message-zh\">\u5bf9\u4e0d\u8d77\uff0c\u6b64\u5185\u5bb9\u53ea\u9002\u7528\u4e8e<a href=\"https:\/\/www.grimann.de\/de\/wp-json\/wp\/v2\/product\/1827\" class=\"qtranxs-available-language-link qtranxs-available-language-link-de\" title=\"Deutsch\">Deutsch<\/a>\u548c<a href=\"https:\/\/www.grimann.de\/pl\/wp-json\/wp\/v2\/product\/1827\" class=\"qtranxs-available-language-link qtranxs-available-language-link-pl\" title=\"Polski\">Polski<\/a>\u3002 For the sake of viewer convenience, the content is shown below in this site default language. You may click one of the links to switch the site language to another available language.<\/p><p>Eine au\u00dfergew\u00f6hnliche Freude verbreitet sich am Morgen , wenn man aus einer K\u00fcnstlertasse ein warmes Getr\u00e4nk einnimmt. Funktioniert auch nachmittags, abends oder im Urlaub &#8211; die M\u00f6glichkeiten des Einsatzes sind unersch\u00f6pfbar \ud83d\ude42<\/p>\n<p>(Hier Bedruckung komplett)<\/p>\n<p><a href=\"http:\/\/www.grimann.de\/produkt\/relaxing-tasse-2\/tasse3\/\" rel=\"attachment wp-att-1828\"><img loading=\"lazy\" decoding=\"async\" class=\"size-large wp-image-1828 alignleft\" src=\"http:\/\/www.grimann.de\/wp-content\/uploads\/2017\/08\/tasse3-614x275.jpg\" alt=\"tasse3\" width=\"520\" height=\"233\" srcset=\"https:\/\/www.grimann.de\/wp-content\/uploads\/2017\/08\/tasse3-614x275.jpg 614w, https:\/\/www.grimann.de\/wp-content\/uploads\/2017\/08\/tasse3-300x134.jpg 300w, https:\/\/www.grimann.de\/wp-content\/uploads\/2017\/08\/tasse3-150x67.jpg 150w, https:\/\/www.grimann.de\/wp-content\/uploads\/2017\/08\/tasse3-768x344.jpg 768w\" sizes=\"auto, (max-width: 520px) 100vw, 520px\" \/><\/a><\/p>\n<p>&nbsp;<\/p>","protected":false},"excerpt":{"rendered":"<p class=\"qtranxs-available-languages-message qtranxs-available-languages-message-zh\">\u5bf9\u4e0d\u8d77\uff0c\u6b64\u5185\u5bb9\u53ea\u9002\u7528\u4e8e<a href=\"https:\/\/www.grimann.de\/de\/wp-json\/wp\/v2\/product\/1827\" class=\"qtranxs-available-language-link qtranxs-available-language-link-de\" title=\"Deutsch\">Deutsch<\/a>\u548c<a href=\"https:\/\/www.grimann.de\/pl\/wp-json\/wp\/v2\/product\/1827\" class=\"qtranxs-available-language-link qtranxs-available-language-link-pl\" title=\"Polski\">Polski<\/a>\u3002 For the sake of viewer convenience, the content is shown below in this site default language. You may click one of the links to switch the site language to another available language.<\/p>\n<figure id=\"attachment_1811\" aria-describedby=\"caption-attachment-1811\" style=\"width: 520px\" class=\"wp-caption alignleft\"><a href=\"http:\/\/www.grimann.de\/produkt\/kuenstlertassen\/olympus-digital-camera-156\/\" rel=\"attachment wp-att-1811\"><img loading=\"lazy\" decoding=\"async\" class=\"size-large wp-image-1811\" src=\"http:\/\/www.grimann.de\/wp-content\/uploads\/2017\/07\/P7258441-2-614x461.jpg\" alt=\"OLYMPUS DIGITAL CAMERA\" width=\"520\" height=\"390\" srcset=\"https:\/\/www.grimann.de\/wp-content\/uploads\/2017\/07\/P7258441-2-614x461.jpg 614w, https:\/\/www.grimann.de\/wp-content\/uploads\/2017\/07\/P7258441-2-300x225.jpg 300w, https:\/\/www.grimann.de\/wp-content\/uploads\/2017\/07\/P7258441-2-150x113.jpg 150w, https:\/\/www.grimann.de\/wp-content\/uploads\/2017\/07\/P7258441-2-768x576.jpg 768w, https:\/\/www.grimann.de\/wp-content\/uploads\/2017\/07\/P7258441-2.jpg 1600w\" sizes=\"auto, (max-width: 520px) 100vw, 520px\" \/><\/a><figcaption id=\"caption-attachment-1811\" class=\"wp-caption-text\">Beispiele<\/figcaption><\/figure>\n","protected":false},"featured_media":1829,"comment_status":"open","ping_status":"closed","template":"","meta":{"_exactmetrics_skip_tracking":false,"_exactmetrics_sitenote_active":false,"_exactmetrics_sitenote_note":"","_exactmetrics_sitenote_category":0,"ngg_post_thumbnail":0,"ocean_post_layout":"","ocean_both_sidebars_style":"","ocean_both_sidebars_content_width":0,"ocean_both_sidebars_sidebars_width":0,"ocean_sidebar":"","ocean_second_sidebar":"","ocean_disable_margins":"enable","ocean_add_body_class":"","ocean_shortcode_before_top_bar":"","ocean_shortcode_after_top_bar":"","ocean_shortcode_before_header":"","ocean_shortcode_after_header":"","ocean_has_shortcode":"","ocean_shortcode_after_title":"","ocean_shortcode_before_footer_widgets":"","ocean_shortcode_after_footer_widgets":"","ocean_shortcode_before_footer_bottom":"","ocean_shortcode_after_footer_bottom":"","ocean_display_top_bar":"default","ocean_display_header":"default","ocean_header_style":"","ocean_center_header_left_menu":"","ocean_custom_header_template":"","ocean_custom_logo":0,"ocean_custom_retina_logo":0,"ocean_custom_logo_max_width":0,"ocean_custom_logo_tablet_max_width":0,"ocean_custom_logo_mobile_max_width":0,"ocean_custom_logo_max_height":0,"ocean_custom_logo_tablet_max_height":0,"ocean_custom_logo_mobile_max_height":0,"ocean_header_custom_menu":"","ocean_menu_typo_font_family":"","ocean_menu_typo_font_subset":"","ocean_menu_typo_font_size":0,"ocean_menu_typo_font_size_tablet":0,"ocean_menu_typo_font_size_mobile":0,"ocean_menu_typo_font_size_unit":"px","ocean_menu_typo_font_weight":"","ocean_menu_typo_font_weight_tablet":"","ocean_menu_typo_font_weight_mobile":"","ocean_menu_typo_transform":"","ocean_menu_typo_transform_tablet":"","ocean_menu_typo_transform_mobile":"","ocean_menu_typo_line_height":0,"ocean_menu_typo_line_height_tablet":0,"ocean_menu_typo_line_height_mobile":0,"ocean_menu_typo_line_height_unit":"","ocean_menu_typo_spacing":0,"ocean_menu_typo_spacing_tablet":0,"ocean_menu_typo_spacing_mobile":0,"ocean_menu_typo_spacing_unit":"","ocean_menu_link_color":"","ocean_menu_link_color_hover":"","ocean_menu_link_color_active":"","ocean_menu_link_background":"","ocean_menu_link_hover_background":"","ocean_menu_link_active_background":"","ocean_menu_social_links_bg":"","ocean_menu_social_hover_links_bg":"","ocean_menu_social_links_color":"","ocean_menu_social_hover_links_color":"","ocean_disable_title":"default","ocean_disable_heading":"default","ocean_post_title":"","ocean_post_subheading":"","ocean_post_title_style":"","ocean_post_title_background_color":"","ocean_post_title_background":0,"ocean_post_title_bg_image_position":"","ocean_post_title_bg_image_attachment":"","ocean_post_title_bg_image_repeat":"","ocean_post_title_bg_image_size":"","ocean_post_title_height":0,"ocean_post_title_bg_overlay":0.5,"ocean_post_title_bg_overlay_color":"","ocean_disable_breadcrumbs":"default","ocean_breadcrumbs_color":"","ocean_breadcrumbs_separator_color":"","ocean_breadcrumbs_links_color":"","ocean_breadcrumbs_links_hover_color":"","ocean_display_footer_widgets":"default","ocean_display_footer_bottom":"default","ocean_custom_footer_template":""},"product_brand":[],"product_cat":[320],"product_tag":[308,307,309,302,301,316,317],"class_list":{"0":"post-1827","1":"product","2":"type-product","3":"status-publish","4":"has-post-thumbnail","6":"product_cat-becher","7":"product_tag-becher-von-kuenstler","8":"product_tag-der-becher","9":"product_tag-direkt-von-kuenstler","10":"product_tag-kubeczek","11":"product_tag-kubek-artystyczny","12":"product_tag-kuenstlerbecher","13":"product_tag-kuenstlertasse","15":"entry","16":"has-media","18":"first","19":"outofstock","20":"purchasable","21":"product-type-simple","22":"has-product-nav","23":"col","24":"span_1_of_3","25":"owp-content-center","26":"owp-thumbs-layout-horizontal","27":"owp-btn-normal","28":"owp-tabs-layout-horizontal","29":"has-no-thumbnails"},"yoast_head":"<!-- This site is optimized with the Yoast SEO plugin v27.3 - https:\/\/yoast.com\/product\/yoast-seo-wordpress\/ -->\n<title>Relaxing Tasse - Wanne - my gallery<\/title>\n<meta name=\"robots\" content=\"index, follow, max-snippet:-1, max-image-preview:large, max-video-preview:-1\" \/>\n<link rel=\"canonical\" href=\"https:\/\/www.grimann.de\/zh\/produkt\/deutsch-relaxing-tasse-wanne\/\" \/>\n<meta property=\"og:locale\" content=\"zh_CN\" \/>\n<meta property=\"og:type\" content=\"article\" \/>\n<meta property=\"og:title\" content=\"Relaxing Tasse - Wanne - my gallery\" \/>\n<meta property=\"og:description\" content=\"[:de][:pl][:]\" \/>\n<meta property=\"og:url\" content=\"https:\/\/www.grimann.de\/zh\/produkt\/deutsch-relaxing-tasse-wanne\/\" \/>\n<meta property=\"og:site_name\" content=\"my gallery\" \/>\n<meta property=\"article:publisher\" content=\"https:\/\/www.facebook.com\/adam.grimann\" \/>\n<meta property=\"article:modified_time\" content=\"2020-01-15T06:24:24+00:00\" \/>\n<meta property=\"og:image\" content=\"https:\/\/www.grimann.de\/wp-content\/uploads\/2017\/08\/tasse3-k.jpg\" \/>\n\t<meta property=\"og:image:width\" content=\"1760\" \/>\n\t<meta property=\"og:image:height\" content=\"1051\" \/>\n\t<meta property=\"og:image:type\" content=\"image\/jpeg\" \/>\n<meta name=\"twitter:card\" content=\"summary_large_image\" \/>\n<script type=\"application\/ld+json\" class=\"yoast-schema-graph\">{\"@context\":\"https:\\\/\\\/schema.org\",\"@graph\":[{\"@type\":\"WebPage\",\"@id\":\"https:\\\/\\\/www.grimann.de\\\/zh\\\/produkt\\\/deutsch-relaxing-tasse-wanne\\\/\",\"url\":\"https:\\\/\\\/www.grimann.de\\\/zh\\\/produkt\\\/deutsch-relaxing-tasse-wanne\\\/\",\"name\":\"Relaxing Tasse - Wanne - my gallery\",\"isPartOf\":{\"@id\":\"https:\\\/\\\/www.grimann.de\\\/#website\"},\"primaryImageOfPage\":{\"@id\":\"https:\\\/\\\/www.grimann.de\\\/zh\\\/produkt\\\/deutsch-relaxing-tasse-wanne\\\/#primaryimage\"},\"image\":{\"@id\":\"https:\\\/\\\/www.grimann.de\\\/zh\\\/produkt\\\/deutsch-relaxing-tasse-wanne\\\/#primaryimage\"},\"thumbnailUrl\":\"https:\\\/\\\/www.grimann.de\\\/wp-content\\\/uploads\\\/2017\\\/08\\\/tasse3-k.jpg\",\"datePublished\":\"2017-08-04T04:05:43+00:00\",\"dateModified\":\"2020-01-15T06:24:24+00:00\",\"breadcrumb\":{\"@id\":\"https:\\\/\\\/www.grimann.de\\\/zh\\\/produkt\\\/deutsch-relaxing-tasse-wanne\\\/#breadcrumb\"},\"inLanguage\":\"zh-Hans\",\"potentialAction\":[{\"@type\":\"ReadAction\",\"target\":[\"https:\\\/\\\/www.grimann.de\\\/zh\\\/produkt\\\/deutsch-relaxing-tasse-wanne\\\/\"]}]},{\"@type\":\"ImageObject\",\"inLanguage\":\"zh-Hans\",\"@id\":\"https:\\\/\\\/www.grimann.de\\\/zh\\\/produkt\\\/deutsch-relaxing-tasse-wanne\\\/#primaryimage\",\"url\":\"https:\\\/\\\/www.grimann.de\\\/wp-content\\\/uploads\\\/2017\\\/08\\\/tasse3-k.jpg\",\"contentUrl\":\"https:\\\/\\\/www.grimann.de\\\/wp-content\\\/uploads\\\/2017\\\/08\\\/tasse3-k.jpg\",\"width\":1760,\"height\":1051},{\"@type\":\"BreadcrumbList\",\"@id\":\"https:\\\/\\\/www.grimann.de\\\/zh\\\/produkt\\\/deutsch-relaxing-tasse-wanne\\\/#breadcrumb\",\"itemListElement\":[{\"@type\":\"ListItem\",\"position\":1,\"name\":\"Home\",\"item\":\"https:\\\/\\\/www.grimann.de\\\/\"},{\"@type\":\"ListItem\",\"position\":2,\"name\":\"shop\",\"item\":\"https:\\\/\\\/www.grimann.de\\\/shop\\\/\"},{\"@type\":\"ListItem\",\"position\":3,\"name\":\"(Deutsch) Relaxing Tasse &#8211; Wanne\"}]},{\"@type\":\"WebSite\",\"@id\":\"https:\\\/\\\/www.grimann.de\\\/#website\",\"url\":\"https:\\\/\\\/www.grimann.de\\\/\",\"name\":\"my gallery\",\"description\":\"adams art\",\"publisher\":{\"@id\":\"https:\\\/\\\/www.grimann.de\\\/#\\\/schema\\\/person\\\/b85eeb7bb21aee8cb16db5f471df2377\"},\"potentialAction\":[{\"@type\":\"SearchAction\",\"target\":{\"@type\":\"EntryPoint\",\"urlTemplate\":\"https:\\\/\\\/www.grimann.de\\\/?s={search_term_string}\"},\"query-input\":{\"@type\":\"PropertyValueSpecification\",\"valueRequired\":true,\"valueName\":\"search_term_string\"}}],\"inLanguage\":\"zh-Hans\"},{\"@type\":[\"Person\",\"Organization\"],\"@id\":\"https:\\\/\\\/www.grimann.de\\\/#\\\/schema\\\/person\\\/b85eeb7bb21aee8cb16db5f471df2377\",\"name\":\"grimann\",\"image\":{\"@type\":\"ImageObject\",\"inLanguage\":\"zh-Hans\",\"@id\":\"https:\\\/\\\/www.grimann.de\\\/wp-content\\\/uploads\\\/2022\\\/07\\\/signatur1-scaled.jpg\",\"url\":\"https:\\\/\\\/www.grimann.de\\\/wp-content\\\/uploads\\\/2022\\\/07\\\/signatur1-scaled.jpg\",\"contentUrl\":\"https:\\\/\\\/www.grimann.de\\\/wp-content\\\/uploads\\\/2022\\\/07\\\/signatur1-scaled.jpg\",\"width\":2560,\"height\":617,\"caption\":\"grimann\"},\"logo\":{\"@id\":\"https:\\\/\\\/www.grimann.de\\\/wp-content\\\/uploads\\\/2022\\\/07\\\/signatur1-scaled.jpg\"},\"sameAs\":[\"https:\\\/\\\/www.grimann.de\",\"https:\\\/\\\/www.facebook.com\\\/adam.grimann\",\"https:\\\/\\\/www.instagram.com\\\/atelier_grimann\\\/\",\"https:\\\/\\\/www.linkedin.com\\\/in\\\/adam-grimann-4684a661\\\/\"]}]}<\/script>\n<!-- \/ Yoast SEO plugin. -->","yoast_head_json":{"title":"Relaxing Tasse - Wanne - my gallery","robots":{"index":"index","follow":"follow","max-snippet":"max-snippet:-1","max-image-preview":"max-image-preview:large","max-video-preview":"max-video-preview:-1"},"canonical":"https:\/\/www.grimann.de\/zh\/produkt\/deutsch-relaxing-tasse-wanne\/","og_locale":"zh_CN","og_type":"article","og_title":"Relaxing Tasse - Wanne - my gallery","og_description":"[:de][:pl][:]","og_url":"https:\/\/www.grimann.de\/zh\/produkt\/deutsch-relaxing-tasse-wanne\/","og_site_name":"my gallery","article_publisher":"https:\/\/www.facebook.com\/adam.grimann","article_modified_time":"2020-01-15T06:24:24+00:00","og_image":[{"width":1760,"height":1051,"url":"https:\/\/www.grimann.de\/wp-content\/uploads\/2017\/08\/tasse3-k.jpg","type":"image\/jpeg"}],"twitter_card":"summary_large_image","schema":{"@context":"https:\/\/schema.org","@graph":[{"@type":"WebPage","@id":"https:\/\/www.grimann.de\/zh\/produkt\/deutsch-relaxing-tasse-wanne\/","url":"https:\/\/www.grimann.de\/zh\/produkt\/deutsch-relaxing-tasse-wanne\/","name":"Relaxing Tasse - Wanne - my gallery","isPartOf":{"@id":"https:\/\/www.grimann.de\/#website"},"primaryImageOfPage":{"@id":"https:\/\/www.grimann.de\/zh\/produkt\/deutsch-relaxing-tasse-wanne\/#primaryimage"},"image":{"@id":"https:\/\/www.grimann.de\/zh\/produkt\/deutsch-relaxing-tasse-wanne\/#primaryimage"},"thumbnailUrl":"https:\/\/www.grimann.de\/wp-content\/uploads\/2017\/08\/tasse3-k.jpg","datePublished":"2017-08-04T04:05:43+00:00","dateModified":"2020-01-15T06:24:24+00:00","breadcrumb":{"@id":"https:\/\/www.grimann.de\/zh\/produkt\/deutsch-relaxing-tasse-wanne\/#breadcrumb"},"inLanguage":"zh-Hans","potentialAction":[{"@type":"ReadAction","target":["https:\/\/www.grimann.de\/zh\/produkt\/deutsch-relaxing-tasse-wanne\/"]}]},{"@type":"ImageObject","inLanguage":"zh-Hans","@id":"https:\/\/www.grimann.de\/zh\/produkt\/deutsch-relaxing-tasse-wanne\/#primaryimage","url":"https:\/\/www.grimann.de\/wp-content\/uploads\/2017\/08\/tasse3-k.jpg","contentUrl":"https:\/\/www.grimann.de\/wp-content\/uploads\/2017\/08\/tasse3-k.jpg","width":1760,"height":1051},{"@type":"BreadcrumbList","@id":"https:\/\/www.grimann.de\/zh\/produkt\/deutsch-relaxing-tasse-wanne\/#breadcrumb","itemListElement":[{"@type":"ListItem","position":1,"name":"Home","item":"https:\/\/www.grimann.de\/"},{"@type":"ListItem","position":2,"name":"shop","item":"https:\/\/www.grimann.de\/shop\/"},{"@type":"ListItem","position":3,"name":"(Deutsch) Relaxing Tasse &#8211; Wanne"}]},{"@type":"WebSite","@id":"https:\/\/www.grimann.de\/#website","url":"https:\/\/www.grimann.de\/","name":"my gallery","description":"adams art","publisher":{"@id":"https:\/\/www.grimann.de\/#\/schema\/person\/b85eeb7bb21aee8cb16db5f471df2377"},"potentialAction":[{"@type":"SearchAction","target":{"@type":"EntryPoint","urlTemplate":"https:\/\/www.grimann.de\/?s={search_term_string}"},"query-input":{"@type":"PropertyValueSpecification","valueRequired":true,"valueName":"search_term_string"}}],"inLanguage":"zh-Hans"},{"@type":["Person","Organization"],"@id":"https:\/\/www.grimann.de\/#\/schema\/person\/b85eeb7bb21aee8cb16db5f471df2377","name":"grimann","image":{"@type":"ImageObject","inLanguage":"zh-Hans","@id":"https:\/\/www.grimann.de\/wp-content\/uploads\/2022\/07\/signatur1-scaled.jpg","url":"https:\/\/www.grimann.de\/wp-content\/uploads\/2022\/07\/signatur1-scaled.jpg","contentUrl":"https:\/\/www.grimann.de\/wp-content\/uploads\/2022\/07\/signatur1-scaled.jpg","width":2560,"height":617,"caption":"grimann"},"logo":{"@id":"https:\/\/www.grimann.de\/wp-content\/uploads\/2022\/07\/signatur1-scaled.jpg"},"sameAs":["https:\/\/www.grimann.de","https:\/\/www.facebook.com\/adam.grimann","https:\/\/www.instagram.com\/atelier_grimann\/","https:\/\/www.linkedin.com\/in\/adam-grimann-4684a661\/"]}]}},"_links":{"self":[{"href":"https:\/\/www.grimann.de\/zh\/wp-json\/wp\/v2\/product\/1827","targetHints":{"allow":["GET"]}}],"collection":[{"href":"https:\/\/www.grimann.de\/zh\/wp-json\/wp\/v2\/product"}],"about":[{"href":"https:\/\/www.grimann.de\/zh\/wp-json\/wp\/v2\/types\/product"}],"replies":[{"embeddable":true,"href":"https:\/\/www.grimann.de\/zh\/wp-json\/wp\/v2\/comments?post=1827"}],"wp:featuredmedia":[{"embeddable":true,"href":"https:\/\/www.grimann.de\/zh\/wp-json\/wp\/v2\/media\/1829"}],"wp:attachment":[{"href":"https:\/\/www.grimann.de\/zh\/wp-json\/wp\/v2\/media?parent=1827"}],"wp:term":[{"taxonomy":"product_brand","embeddable":true,"href":"https:\/\/www.grimann.de\/zh\/wp-json\/wp\/v2\/product_brand?post=1827"},{"taxonomy":"product_cat","embeddable":true,"href":"https:\/\/www.grimann.de\/zh\/wp-json\/wp\/v2\/product_cat?post=1827"},{"taxonomy":"product_tag","embeddable":true,"href":"https:\/\/www.grimann.de\/zh\/wp-json\/wp\/v2\/product_tag?post=1827"}],"curies":[{"name":"wp","href":"https:\/\/api.w.org\/{rel}","templated":true}]}}